{"id":3420,"date":"2020-11-06T09:19:36","date_gmt":"2020-12-16T11:13:54","guid":{"rendered":"http:\/\/rayt.com\/?post_type=product&#038;p=3420"},"modified":"2021-02-19T11:28:14","modified_gmt":"2021-02-19T11:28:14","slug":"novopren-26","status":"publish","type":"product","link":"https:\/\/rayt.com\/fr\/producto\/novopren-26\/","title":{"rendered":"NOVOPREN 26"},"content":{"rendered":"<p>ADH\u00c9SIF \u00c0 BASE DE POLYM\u00c8RES SYNTHETIQUES DISSOUS DANS AC\u00c9TATE D&rsquo;\u00c9THYLE.<br \/>\nAdh\u00e9sif appropri\u00e9 pour la fabrication de capsules en aluminium pour l&rsquo;industrie d&#8217;embouteillage du vin et du champagne. Appropri\u00e9 \u00e9galement pour blister.<\/p>\n<h4>CARACTERISTIQUES<\/h4>\n<p>Applicable sur le carton ou le papier carton\u00e9, imprim\u00e9s ou non.<br \/>\nTemp\u00e9rature de thermoscellage: 120-140\u00baC.<br \/>\nBrillant, flexible et transparent.<br \/>\nAppliqu\u00e9 au rouleau, l\u00e8vres, etc.<br \/>\nSans blocage.<br \/>\nConforme FDA 175.105 pour contact alimentaire indirect.<\/p>\n","protected":false},"excerpt":{"rendered":"<p>ADH\u00c9SIF \u00c0 BASE DE POLYM\u00c8RES SYNTHETIQUES DISSOUS DANS AC\u00c9TATE D&rsquo;\u00c9THYLE.<\/p>\n","protected":false},"featured_media":2996,"comment_status":"open","ping_status":"closed","template":"","meta":{"_acf_changed":false},"product_cat":[1473,716,728,602,653],"product_tag":[],"acf":[],"_links":{"self":[{"href":"https:\/\/rayt.com\/fr\/wp-json\/wp\/v2\/product\/3420"}],"collection":[{"href":"https:\/\/rayt.com\/fr\/wp-json\/wp\/v2\/product"}],"about":[{"href":"https:\/\/rayt.com\/fr\/wp-json\/wp\/v2\/types\/product"}],"replies":[{"embeddable":true,"href":"https:\/\/rayt.com\/fr\/wp-json\/wp\/v2\/comments?post=3420"}],"wp:featuredmedia":[{"embeddable":true,"href":"https:\/\/rayt.com\/fr\/wp-json\/wp\/v2\/media\/2996"}],"wp:attachment":[{"href":"https:\/\/rayt.com\/fr\/wp-json\/wp\/v2\/media?parent=3420"}],"wp:term":[{"taxonomy":"product_cat","embeddable":true,"href":"https:\/\/rayt.com\/fr\/wp-json\/wp\/v2\/product_cat?post=3420"},{"taxonomy":"product_tag","embeddable":true,"href":"https:\/\/rayt.com\/fr\/wp-json\/wp\/v2\/product_tag?post=3420"}],"curies":[{"name":"wp","href":"https:\/\/api.w.org\/{rel}","templated":true}]}}