{"id":3431,"date":"2020-11-05T11:30:18","date_gmt":"2020-12-16T11:30:57","guid":{"rendered":"http:\/\/rayt.com\/?post_type=product&#038;p=3431"},"modified":"2021-02-19T11:12:59","modified_gmt":"2021-02-19T11:12:59","slug":"g-181-co","status":"publish","type":"product","link":"https:\/\/rayt.com\/fr\/producto\/g-181-co\/","title":{"rendered":"G-181-CO"},"content":{"rendered":"<p>COLLE SYNTH\u00c9TIQUE EN DISPERSION AQUEUSE POUR BO\u00ceTES EN CARTON ONDUL\u00c9. ASSEMBLAGE DE S\u00c9PARATEURS.<br \/>\nAdh\u00e9sif sp\u00e9cial pour l&rsquo;assemblage des s\u00e9parateurs de carton dans des bo\u00eetes pour bouteilles en verre.<\/p>\n<h4>CARACTERISTIQUES<\/h4>\n<p>Couture lat\u00e9rale de caisses carton.<br \/>\nApplication par disque ou rouleau.<br \/>\nHaut tack en humide.<br \/>\nConforme FDA 175.105 pour contact alimentaire indirect.<\/p>\n","protected":false},"excerpt":{"rendered":"<p>COLLE SYNTH\u00c9TIQUE EN DISPERSION AQUEUSE POUR BO\u00ceTES EN CARTON ONDUL\u00c9.<\/p>\n","protected":false},"featured_media":3052,"comment_status":"open","ping_status":"closed","template":"","meta":{"_acf_changed":false},"product_cat":[1400,710,713,602,653],"product_tag":[],"acf":[],"_links":{"self":[{"href":"https:\/\/rayt.com\/fr\/wp-json\/wp\/v2\/product\/3431"}],"collection":[{"href":"https:\/\/rayt.com\/fr\/wp-json\/wp\/v2\/product"}],"about":[{"href":"https:\/\/rayt.com\/fr\/wp-json\/wp\/v2\/types\/product"}],"replies":[{"embeddable":true,"href":"https:\/\/rayt.com\/fr\/wp-json\/wp\/v2\/comments?post=3431"}],"wp:featuredmedia":[{"embeddable":true,"href":"https:\/\/rayt.com\/fr\/wp-json\/wp\/v2\/media\/3052"}],"wp:attachment":[{"href":"https:\/\/rayt.com\/fr\/wp-json\/wp\/v2\/media?parent=3431"}],"wp:term":[{"taxonomy":"product_cat","embeddable":true,"href":"https:\/\/rayt.com\/fr\/wp-json\/wp\/v2\/product_cat?post=3431"},{"taxonomy":"product_tag","embeddable":true,"href":"https:\/\/rayt.com\/fr\/wp-json\/wp\/v2\/product_tag?post=3431"}],"curies":[{"name":"wp","href":"https:\/\/api.w.org\/{rel}","templated":true}]}}