{"id":3444,"date":"2020-10-28T10:47:33","date_gmt":"2020-12-16T12:54:58","guid":{"rendered":"http:\/\/rayt.com\/?post_type=product&#038;p=3444"},"modified":"2021-02-15T09:06:23","modified_gmt":"2021-02-15T09:06:23","slug":"kon-esa","status":"publish","type":"product","link":"https:\/\/rayt.com\/fr\/producto\/kon-esa\/","title":{"rendered":"KON-ESA"},"content":{"rendered":"<div id=\"description_block\">\n<div id=\"description_content\" class=\"rte align_justify\">\n<div id=\"description_block\">\n<div id=\"description_content\" class=\"rte align_justify\">\n<div id=\"description_block\">\n<div id=\"description_content\" class=\"rte align_justify\">\n<p>ADH\u00c9SIF D&rsquo;AC\u00c9TAT POLYVINYLE UNIVERSEL POUR LE BOIS. PERFORMANCES MOYENNES.<\/p>\n<\/div>\n<div id=\"description_content\" class=\"rte align_justify\">\n<p>Adh\u00e9sif en dispersion aqueuse pour une utilisation universelle dans des applications dans de bois et de meubles.<\/p>\n<\/div>\n<\/div>\n<h4>CARACTERISTIQUES<\/h4>\n<p>Encollages de bonne r\u00e9sistance \u00e0 la traction et \u00e0 la chaleur.<br \/>\nAppropri\u00e9 pour plusieurs travaux dans la menuiserie.<br \/>\nApplicable par collage rouleau, brosse, etc.<br \/>\nTemps de s\u00e9chage vite.<\/p>\n<\/div>\n<\/div>\n<\/div>\n<\/div>\n","protected":false},"excerpt":{"rendered":"<p>ADH\u00c9SIF D&rsquo;AC\u00c9TAT POLYVINYLE UNIVERSEL POUR LE BOIS. PERFORMANCES MOYENNES. Adh\u00e9sif<\/p>\n","protected":false},"featured_media":2988,"comment_status":"open","ping_status":"closed","template":"","meta":{"_acf_changed":false},"product_cat":[813,1448,1506,602,885,937,870,819],"product_tag":[],"acf":[],"_links":{"self":[{"href":"https:\/\/rayt.com\/fr\/wp-json\/wp\/v2\/product\/3444"}],"collection":[{"href":"https:\/\/rayt.com\/fr\/wp-json\/wp\/v2\/product"}],"about":[{"href":"https:\/\/rayt.com\/fr\/wp-json\/wp\/v2\/types\/product"}],"replies":[{"embeddable":true,"href":"https:\/\/rayt.com\/fr\/wp-json\/wp\/v2\/comments?post=3444"}],"wp:featuredmedia":[{"embeddable":true,"href":"https:\/\/rayt.com\/fr\/wp-json\/wp\/v2\/media\/2988"}],"wp:attachment":[{"href":"https:\/\/rayt.com\/fr\/wp-json\/wp\/v2\/media?parent=3444"}],"wp:term":[{"taxonomy":"product_cat","embeddable":true,"href":"https:\/\/rayt.com\/fr\/wp-json\/wp\/v2\/product_cat?post=3444"},{"taxonomy":"product_tag","embeddable":true,"href":"https:\/\/rayt.com\/fr\/wp-json\/wp\/v2\/product_tag?post=3444"}],"curies":[{"name":"wp","href":"https:\/\/api.w.org\/{rel}","templated":true}]}}