{"id":3447,"date":"2020-10-28T10:52:27","date_gmt":"2020-12-16T13:03:51","guid":{"rendered":"http:\/\/rayt.com\/?post_type=product&#038;p=3447"},"modified":"2021-02-18T08:38:16","modified_gmt":"2021-02-18T08:38:16","slug":"ma-104-especial","status":"publish","type":"product","link":"https:\/\/rayt.com\/fr\/producto\/ma-104-especial\/","title":{"rendered":"MA-104 ESPECIAL"},"content":{"rendered":"<div id=\"description_block\">\n<div id=\"description_content\" class=\"rte align_justify\">\n<div id=\"description_block\">\n<div id=\"description_content\" class=\"rte align_justify\">\n<div id=\"description_block\">\n<div id=\"description_content\" class=\"rte align_justify\">\n<p>ADH\u00c9SIF D&rsquo;AC\u00c9TAT POLYVINYLE POUR BOIS<\/p>\n<\/div>\n<div id=\"description_content\" class=\"rte align_justify\">\n<p>Adh\u00e9sif appropri\u00e9 pour l&rsquo;encollage de bois massif: lattes, l&rsquo;assemblage des portes, le montage de meubles en bois massif et en g\u00e9n\u00e9ral.<\/p>\n<\/div>\n<\/div>\n<h4>CARACTERISTIQUES<\/h4>\n<p>Appropri\u00e9 pour les bois durs et\/ou avec un haut contenu \u00e0 tanin (tandis que le contact avec des mat\u00e9riaux ferreux est \u00e9vit\u00e9).<br \/>\nAdh\u00e9sif tr\u00e8s polyvalent, adapt\u00e9 \u00e0 de multiples emplois en menuiserie.<br \/>\nEncollages tr\u00e8s r\u00e9sistants \u00e0 la traction et \u00e0 la chaleur.<br \/>\nApplicable par collage rouleau, brosse, etc.<br \/>\nTemps de s\u00e9chage \u00e0 grande vitesse.<\/p>\n<\/div>\n<\/div>\n<\/div>\n<\/div>\n","protected":false},"excerpt":{"rendered":"<p>ADH\u00c9SIF D&rsquo;AC\u00c9TAT POLYVINYLE POUR BOIS Adh\u00e9sif appropri\u00e9 pour l&rsquo;encollage de<\/p>\n","protected":false},"featured_media":2988,"comment_status":"open","ping_status":"closed","template":"","meta":{"_acf_changed":false},"product_cat":[813,858,895,894,855,1655,1372,1716,1448,1494,1496,1500,1506,1593,1615,1616,1625,900,877,876,602,888,885,937,909,935,882,933,870,819],"product_tag":[],"acf":[],"_links":{"self":[{"href":"https:\/\/rayt.com\/fr\/wp-json\/wp\/v2\/product\/3447"}],"collection":[{"href":"https:\/\/rayt.com\/fr\/wp-json\/wp\/v2\/product"}],"about":[{"href":"https:\/\/rayt.com\/fr\/wp-json\/wp\/v2\/types\/product"}],"replies":[{"embeddable":true,"href":"https:\/\/rayt.com\/fr\/wp-json\/wp\/v2\/comments?post=3447"}],"wp:featuredmedia":[{"embeddable":true,"href":"https:\/\/rayt.com\/fr\/wp-json\/wp\/v2\/media\/2988"}],"wp:attachment":[{"href":"https:\/\/rayt.com\/fr\/wp-json\/wp\/v2\/media?parent=3447"}],"wp:term":[{"taxonomy":"product_cat","embeddable":true,"href":"https:\/\/rayt.com\/fr\/wp-json\/wp\/v2\/product_cat?post=3447"},{"taxonomy":"product_tag","embeddable":true,"href":"https:\/\/rayt.com\/fr\/wp-json\/wp\/v2\/product_tag?post=3447"}],"curies":[{"name":"wp","href":"https:\/\/api.w.org\/{rel}","templated":true}]}}