{"id":3451,"date":"2020-10-28T10:58:01","date_gmt":"2020-12-16T13:16:43","guid":{"rendered":"http:\/\/rayt.com\/?post_type=product&#038;p=3451"},"modified":"2021-02-18T08:25:03","modified_gmt":"2021-02-18T08:25:03","slug":"ma-113-container","status":"publish","type":"product","link":"https:\/\/rayt.com\/fr\/producto\/ma-113-container\/","title":{"rendered":"MA-113 CONTAINER"},"content":{"rendered":"<div id=\"description_block\">\n<div id=\"description_content\" class=\"rte align_justify\">\n<div id=\"description_block\">\n<div id=\"description_content\" class=\"rte align_justify\">\n<div id=\"description_block\">\n<div id=\"description_content\" class=\"rte align_justify\">\n<p>ADH\u00c9SIF EN DISPERSION D&rsquo;AC\u00c9TAT POLYVINYLE POUR BOIS.<\/p>\n<\/div>\n<div id=\"description_content\" class=\"rte align_justify\">\n<p>Adh\u00e9sif appropri\u00e9 pour l&rsquo;encollage de bandes qui sont ensuite moul\u00e9es, en raison de leurs caract\u00e9ristiques particuli\u00e8res qui minimisent l&rsquo;entaillage des outils.<\/p>\n<\/div>\n<\/div>\n<h4>CARACTERISTIQUES<\/h4>\n<p>Appropri\u00e9 pour les bois durs et\/ou avec un haut contenu \u00e0 tanin (tandis que le contact avec des mat\u00e9riaux ferreux est \u00e9vit\u00e9).<br \/>\nAdh\u00e9sif de grande versatilit\u00e9, appropri\u00e9 pour multiples travaux.<br \/>\nEncollages tr\u00e8s r\u00e9sistants \u00e0 la traction et \u00e0 la chaleur.<br \/>\nTemps de s\u00e9chage \u00e0 grande vitesse.<\/p>\n<\/div>\n<\/div>\n<\/div>\n<\/div>\n","protected":false},"excerpt":{"rendered":"<p>ADH\u00c9SIF EN DISPERSION D&rsquo;AC\u00c9TAT POLYVINYLE POUR BOIS. Adh\u00e9sif appropri\u00e9 pour<\/p>\n","protected":false},"featured_media":2996,"comment_status":"open","ping_status":"closed","template":"","meta":{"_acf_changed":false},"product_cat":[813,895,894,1655,1625,1616,1615,1593,1506,1500,1496,1494,1448,900,877,876,602,888,885,937,909,882,870,819],"product_tag":[],"acf":[],"_links":{"self":[{"href":"https:\/\/rayt.com\/fr\/wp-json\/wp\/v2\/product\/3451"}],"collection":[{"href":"https:\/\/rayt.com\/fr\/wp-json\/wp\/v2\/product"}],"about":[{"href":"https:\/\/rayt.com\/fr\/wp-json\/wp\/v2\/types\/product"}],"replies":[{"embeddable":true,"href":"https:\/\/rayt.com\/fr\/wp-json\/wp\/v2\/comments?post=3451"}],"wp:featuredmedia":[{"embeddable":true,"href":"https:\/\/rayt.com\/fr\/wp-json\/wp\/v2\/media\/2996"}],"wp:attachment":[{"href":"https:\/\/rayt.com\/fr\/wp-json\/wp\/v2\/media?parent=3451"}],"wp:term":[{"taxonomy":"product_cat","embeddable":true,"href":"https:\/\/rayt.com\/fr\/wp-json\/wp\/v2\/product_cat?post=3451"},{"taxonomy":"product_tag","embeddable":true,"href":"https:\/\/rayt.com\/fr\/wp-json\/wp\/v2\/product_tag?post=3451"}],"curies":[{"name":"wp","href":"https:\/\/api.w.org\/{rel}","templated":true}]}}