{"id":3458,"date":"2020-11-05T11:32:30","date_gmt":"2020-12-17T08:18:35","guid":{"rendered":"http:\/\/rayt.com\/?post_type=product&#038;p=3458"},"modified":"2021-02-19T11:14:02","modified_gmt":"2021-02-19T11:14:02","slug":"g-183-co","status":"publish","type":"product","link":"https:\/\/rayt.com\/fr\/producto\/g-183-co\/","title":{"rendered":"G-183-CO"},"content":{"rendered":"<p>COLLE SYNTH\u00c9TIQUE EN DISPERSION AQUEUSE POUR BO\u00ceTES EN CARTON ONDUL\u00c9. VISCOSIT\u00c9 MOYENNE.<br \/>\nAdh\u00e9sif appropri\u00e9 pour l&rsquo;encollage de la couture lat\u00e9rale de bo\u00eetes en carton sur les machines automatiques par application \u00e0 disque ou rouleau<\/p>\n<h4>CARACTERISTIQUES<\/h4>\n<p>Application par disque ou par rouleau.<br \/>\nCouture lat\u00e9rale de bo\u00eetes en carton.<br \/>\nTack \u00e9lev\u00e9 en humide.<br \/>\nConforme FDA 175.105 pour contact alimentaire indirect.<\/p>\n","protected":false},"excerpt":{"rendered":"<p>COLLE SYNTH\u00c9TIQUE EN DISPERSION AQUEUSE POUR BO\u00ceTES EN CARTON ONDUL\u00c9.<\/p>\n","protected":false},"featured_media":3052,"comment_status":"open","ping_status":"closed","template":"","meta":{"_acf_changed":false},"product_cat":[1400,710,713,602,653],"product_tag":[],"acf":[],"_links":{"self":[{"href":"https:\/\/rayt.com\/fr\/wp-json\/wp\/v2\/product\/3458"}],"collection":[{"href":"https:\/\/rayt.com\/fr\/wp-json\/wp\/v2\/product"}],"about":[{"href":"https:\/\/rayt.com\/fr\/wp-json\/wp\/v2\/types\/product"}],"replies":[{"embeddable":true,"href":"https:\/\/rayt.com\/fr\/wp-json\/wp\/v2\/comments?post=3458"}],"wp:featuredmedia":[{"embeddable":true,"href":"https:\/\/rayt.com\/fr\/wp-json\/wp\/v2\/media\/3052"}],"wp:attachment":[{"href":"https:\/\/rayt.com\/fr\/wp-json\/wp\/v2\/media?parent=3458"}],"wp:term":[{"taxonomy":"product_cat","embeddable":true,"href":"https:\/\/rayt.com\/fr\/wp-json\/wp\/v2\/product_cat?post=3458"},{"taxonomy":"product_tag","embeddable":true,"href":"https:\/\/rayt.com\/fr\/wp-json\/wp\/v2\/product_tag?post=3458"}],"curies":[{"name":"wp","href":"https:\/\/api.w.org\/{rel}","templated":true}]}}