{"id":3461,"date":"2020-11-05T11:34:42","date_gmt":"2020-12-17T08:29:25","guid":{"rendered":"http:\/\/rayt.com\/?post_type=product&#038;p=3461"},"modified":"2021-02-19T11:16:38","modified_gmt":"2021-02-19T11:16:38","slug":"g-186-co","status":"publish","type":"product","link":"https:\/\/rayt.com\/fr\/producto\/g-186-co\/","title":{"rendered":"G-186-CO"},"content":{"rendered":"<p>COLLE SYNTH\u00c9TIQUE EN DISPERSION AQUEUSE POUR BO\u00ceTES EN CARTON ONDUL\u00c9. STANDARD.<br \/>\nAdh\u00e9sif tr\u00e8s appropri\u00e9 en raison de sa faible viscosit\u00e9 et prise rapide pour l&rsquo;encollage de la couture longitudinale de caisses en carton ondul\u00e9.<\/p>\n<h4>CARACTERISTIQUES<\/h4>\n<p>Couture longitudinale dans de machines de vitesse moyenne-haute qui appliquent l\u0092adh\u00e9sif par injection.<br \/>\nExcellente performance dans les injecteurs.<br \/>\nTemps de s\u00e9chage \u00e0 grande vitesse.<br \/>\nSans de charges.<br \/>\nConforme FDA 175.105 pour contact alimentaire indirect.<\/p>\n","protected":false},"excerpt":{"rendered":"<p>COLLE SYNTH\u00c9TIQUE EN DISPERSION AQUEUSE POUR BO\u00ceTES EN CARTON ONDUL\u00c9.<\/p>\n","protected":false},"featured_media":3052,"comment_status":"open","ping_status":"closed","template":"","meta":{"_acf_changed":false},"product_cat":[1400,710,713,602,653],"product_tag":[],"acf":[],"_links":{"self":[{"href":"https:\/\/rayt.com\/fr\/wp-json\/wp\/v2\/product\/3461"}],"collection":[{"href":"https:\/\/rayt.com\/fr\/wp-json\/wp\/v2\/product"}],"about":[{"href":"https:\/\/rayt.com\/fr\/wp-json\/wp\/v2\/types\/product"}],"replies":[{"embeddable":true,"href":"https:\/\/rayt.com\/fr\/wp-json\/wp\/v2\/comments?post=3461"}],"wp:featuredmedia":[{"embeddable":true,"href":"https:\/\/rayt.com\/fr\/wp-json\/wp\/v2\/media\/3052"}],"wp:attachment":[{"href":"https:\/\/rayt.com\/fr\/wp-json\/wp\/v2\/media?parent=3461"}],"wp:term":[{"taxonomy":"product_cat","embeddable":true,"href":"https:\/\/rayt.com\/fr\/wp-json\/wp\/v2\/product_cat?post=3461"},{"taxonomy":"product_tag","embeddable":true,"href":"https:\/\/rayt.com\/fr\/wp-json\/wp\/v2\/product_tag?post=3461"}],"curies":[{"name":"wp","href":"https:\/\/api.w.org\/{rel}","templated":true}]}}