{"id":3473,"date":"2020-11-05T11:42:29","date_gmt":"2020-12-17T09:10:18","guid":{"rendered":"http:\/\/rayt.com\/?post_type=product&#038;p=3473"},"modified":"2021-02-19T11:21:13","modified_gmt":"2021-02-19T11:21:13","slug":"g-187-co-bv-r-rosa","status":"publish","type":"product","link":"https:\/\/rayt.com\/fr\/producto\/g-187-co-bv-r-rosa\/","title":{"rendered":"G-187-CO BV R ROSA"},"content":{"rendered":"<p>COLLE SYNTH\u00c9TIQUE EN DISPERSION AQUEUSE POUR LES BO\u00ceTES EN CARTON ONDUL\u00c9. HAUTE QUALIT\u00c9, BAISSE VISCOSIT\u00c9, RAPIDE, TEINT\u00c9.<br \/>\nAdh\u00e9sif rapide avec colorant pour la couture longitudinale de caisses en carton ondul\u00e9 dans les machines \u00e0 vitesse moyenne-haute avec injection de colle.<\/p>\n<h4>CARACTERISTIQUES<\/h4>\n<p>Excellente performance dans les injecteurs.<br \/>\nTemps de s\u00e9chage \u00e0 grande vitesse.<br \/>\nTeint\u00e9e en couleur ros\u00e9.<br \/>\nSans de charges.<br \/>\nConforme FDA 175.105 pour contact alimentaire indirect.<\/p>\n","protected":false},"excerpt":{"rendered":"<p>COLLE SYNTH\u00c9TIQUE EN DISPERSION AQUEUSE POUR LES BO\u00ceTES EN CARTON<\/p>\n","protected":false},"featured_media":3357,"comment_status":"open","ping_status":"closed","template":"","meta":{"_acf_changed":false},"product_cat":[1400,710,713,602,653],"product_tag":[],"acf":[],"_links":{"self":[{"href":"https:\/\/rayt.com\/fr\/wp-json\/wp\/v2\/product\/3473"}],"collection":[{"href":"https:\/\/rayt.com\/fr\/wp-json\/wp\/v2\/product"}],"about":[{"href":"https:\/\/rayt.com\/fr\/wp-json\/wp\/v2\/types\/product"}],"replies":[{"embeddable":true,"href":"https:\/\/rayt.com\/fr\/wp-json\/wp\/v2\/comments?post=3473"}],"wp:featuredmedia":[{"embeddable":true,"href":"https:\/\/rayt.com\/fr\/wp-json\/wp\/v2\/media\/3357"}],"wp:attachment":[{"href":"https:\/\/rayt.com\/fr\/wp-json\/wp\/v2\/media?parent=3473"}],"wp:term":[{"taxonomy":"product_cat","embeddable":true,"href":"https:\/\/rayt.com\/fr\/wp-json\/wp\/v2\/product_cat?post=3473"},{"taxonomy":"product_tag","embeddable":true,"href":"https:\/\/rayt.com\/fr\/wp-json\/wp\/v2\/product_tag?post=3473"}],"curies":[{"name":"wp","href":"https:\/\/api.w.org\/{rel}","templated":true}]}}