{"id":3480,"date":"2020-11-05T11:44:13","date_gmt":"2020-12-17T09:38:26","guid":{"rendered":"http:\/\/rayt.com\/?post_type=product&#038;p=3480"},"modified":"2021-02-19T11:20:29","modified_gmt":"2021-02-19T11:20:29","slug":"g-187-co-bv-r-uv","status":"publish","type":"product","link":"https:\/\/rayt.com\/fr\/producto\/g-187-co-bv-r-uv\/","title":{"rendered":"G-187-CO BV R UV"},"content":{"rendered":"<p>COLLE SYNTH\u00c9TIQUE EN DISPERSION AQUEUSE POUR LES BO\u00ceTES EN CARTON ONDUL\u00c9. HAUTE QUALIT\u00c9, BAISSE VISCOSIT\u00c9, RAPIDE, DETECTEUR UV.<br \/>\nAdh\u00e9sif rapide adapt\u00e9 au collage du joint longitudinal de caisses en carton ondul\u00e9 dans les machines \u00e0 grande vitesse qui appliquent l&rsquo;adh\u00e9sif par injection.<br \/>\nIl contient un additif visible a l&rsquo;UV pour d\u00e9tecter l&rsquo;application de l&rsquo;adh\u00e9sif.<\/p>\n<h4>CARACTERISTIQUES<\/h4>\n<p>Couture longitudinale dans de machines de vitesse moyenne-haute qui appliquent l\u0092&rsquo;adh\u00e9sif par injection.<br \/>\nIl contient des additifs pour la d\u00e9tection UV.<br \/>\nExcellente performance dans les injecteurs.<br \/>\nTemps de s\u00e9chage \u00e0 tr\u00e8s grande vitesse.<br \/>\nSans charges.<br \/>\nConforme FDA 175.105 pour contact alimentaire indirect.<\/p>\n","protected":false},"excerpt":{"rendered":"<p>COLLE SYNTH\u00c9TIQUE EN DISPERSION AQUEUSE POUR LES BO\u00ceTES EN CARTON<\/p>\n","protected":false},"featured_media":3052,"comment_status":"open","ping_status":"closed","template":"","meta":{"_acf_changed":false},"product_cat":[1400,710,713,602,653],"product_tag":[],"acf":[],"_links":{"self":[{"href":"https:\/\/rayt.com\/fr\/wp-json\/wp\/v2\/product\/3480"}],"collection":[{"href":"https:\/\/rayt.com\/fr\/wp-json\/wp\/v2\/product"}],"about":[{"href":"https:\/\/rayt.com\/fr\/wp-json\/wp\/v2\/types\/product"}],"replies":[{"embeddable":true,"href":"https:\/\/rayt.com\/fr\/wp-json\/wp\/v2\/comments?post=3480"}],"wp:featuredmedia":[{"embeddable":true,"href":"https:\/\/rayt.com\/fr\/wp-json\/wp\/v2\/media\/3052"}],"wp:attachment":[{"href":"https:\/\/rayt.com\/fr\/wp-json\/wp\/v2\/media?parent=3480"}],"wp:term":[{"taxonomy":"product_cat","embeddable":true,"href":"https:\/\/rayt.com\/fr\/wp-json\/wp\/v2\/product_cat?post=3480"},{"taxonomy":"product_tag","embeddable":true,"href":"https:\/\/rayt.com\/fr\/wp-json\/wp\/v2\/product_tag?post=3480"}],"curies":[{"name":"wp","href":"https:\/\/api.w.org\/{rel}","templated":true}]}}