{"id":3486,"date":"2020-11-05T11:48:14","date_gmt":"2020-12-17T09:59:17","guid":{"rendered":"http:\/\/rayt.com\/?post_type=product&#038;p=3486"},"modified":"2021-02-19T11:18:34","modified_gmt":"2021-02-19T11:18:34","slug":"g-187-co-mv","status":"publish","type":"product","link":"https:\/\/rayt.com\/fr\/producto\/g-187-co-mv\/","title":{"rendered":"G-187-CO\/MV"},"content":{"rendered":"<p>COLLE SYNTH\u00c9TIQUE EN DISPERSION AQUEUSE POUR LES BO\u00ceTES EN CARTON ONDUL\u00c9. HAUTE QUALIT\u00c9, VISCOSIT\u00c9 MOYENNE.<br \/>\nAdh\u00e9sif adapt\u00e9 au collage du joint longitudinal de caisses en carton ondul\u00e9 dans les machines \u00e0 grande vitesse qui appliquent l&rsquo;adh\u00e9sif par injection.<\/p>\n<h4>CARACTERISTIQUES<\/h4>\n<p>Couture longitudinale dans de machines de haute vitesse qui appliquent l\u0092&rsquo;adh\u00e9sif par injection.<br \/>\nExcellente performance dans les injecteurs.<br \/>\nTemps de s\u00e9chage \u00e0 grande vitesse.<br \/>\nSans charges.<br \/>\nConforme FDA 175.105 pour contact alimentaire indirect.<\/p>\n","protected":false},"excerpt":{"rendered":"<p>COLLE SYNTH\u00c9TIQUE EN DISPERSION AQUEUSE POUR LES BO\u00ceTES EN CARTON<\/p>\n","protected":false},"featured_media":3052,"comment_status":"open","ping_status":"closed","template":"","meta":{"_acf_changed":false},"product_cat":[599,1338,1400,710,623,713,602,620,653],"product_tag":[],"acf":[],"_links":{"self":[{"href":"https:\/\/rayt.com\/fr\/wp-json\/wp\/v2\/product\/3486"}],"collection":[{"href":"https:\/\/rayt.com\/fr\/wp-json\/wp\/v2\/product"}],"about":[{"href":"https:\/\/rayt.com\/fr\/wp-json\/wp\/v2\/types\/product"}],"replies":[{"embeddable":true,"href":"https:\/\/rayt.com\/fr\/wp-json\/wp\/v2\/comments?post=3486"}],"wp:featuredmedia":[{"embeddable":true,"href":"https:\/\/rayt.com\/fr\/wp-json\/wp\/v2\/media\/3052"}],"wp:attachment":[{"href":"https:\/\/rayt.com\/fr\/wp-json\/wp\/v2\/media?parent=3486"}],"wp:term":[{"taxonomy":"product_cat","embeddable":true,"href":"https:\/\/rayt.com\/fr\/wp-json\/wp\/v2\/product_cat?post=3486"},{"taxonomy":"product_tag","embeddable":true,"href":"https:\/\/rayt.com\/fr\/wp-json\/wp\/v2\/product_tag?post=3486"}],"curies":[{"name":"wp","href":"https:\/\/api.w.org\/{rel}","templated":true}]}}