{"id":3491,"date":"2020-11-05T11:50:23","date_gmt":"2020-12-17T10:12:15","guid":{"rendered":"http:\/\/rayt.com\/?post_type=product&#038;p=3491"},"modified":"2021-02-19T11:25:10","modified_gmt":"2021-02-19T11:25:10","slug":"g-189-co","status":"publish","type":"product","link":"https:\/\/rayt.com\/fr\/producto\/g-189-co\/","title":{"rendered":"G-189-CO"},"content":{"rendered":"<p>COLLE SYNTH\u00c9TIQUE EN DISPERSION AQUEUSE POUR LES BO\u00ceTES EN CARTON ONDUL\u00c9. TR\u00c8S RAPIDE.<br \/>\nAdh\u00e9sif adapt\u00e9 au collage du joint longitudinal de caisses en carton ondul\u00e9 dans les machines \u00e0 grande vitesse qui appliquent l&rsquo;adh\u00e9sif par injection quand on pr\u00e9cise une tr\u00e8s haute vitesse de s\u00e9chage.<\/p>\n<h4>CARACTERISTIQUES<\/h4>\n<p>Couture longitudinale de bo\u00eetes grandes ou lourdes dans de machines de vitesse \u00e9lev\u00e9 qui appliquent l\u0092&rsquo;adh\u00e9sif par injection.<br \/>\nVitesse de s\u00e9chage \u00e9lev\u00e9e et une excellente adh\u00e9rence en humide.<br \/>\nExcellente performance dans les injecteurs.<br \/>\nSans charges.<br \/>\nConforme FDA 175.105 pour contact alimentaire indirect.<\/p>\n","protected":false},"excerpt":{"rendered":"<p>COLLE SYNTH\u00c9TIQUE EN DISPERSION AQUEUSE POUR LES BO\u00ceTES EN CARTON<\/p>\n","protected":false},"featured_media":3052,"comment_status":"open","ping_status":"closed","template":"","meta":{"_acf_changed":false},"product_cat":[1400,710,713,602,653],"product_tag":[],"acf":[],"_links":{"self":[{"href":"https:\/\/rayt.com\/fr\/wp-json\/wp\/v2\/product\/3491"}],"collection":[{"href":"https:\/\/rayt.com\/fr\/wp-json\/wp\/v2\/product"}],"about":[{"href":"https:\/\/rayt.com\/fr\/wp-json\/wp\/v2\/types\/product"}],"replies":[{"embeddable":true,"href":"https:\/\/rayt.com\/fr\/wp-json\/wp\/v2\/comments?post=3491"}],"wp:featuredmedia":[{"embeddable":true,"href":"https:\/\/rayt.com\/fr\/wp-json\/wp\/v2\/media\/3052"}],"wp:attachment":[{"href":"https:\/\/rayt.com\/fr\/wp-json\/wp\/v2\/media?parent=3491"}],"wp:term":[{"taxonomy":"product_cat","embeddable":true,"href":"https:\/\/rayt.com\/fr\/wp-json\/wp\/v2\/product_cat?post=3491"},{"taxonomy":"product_tag","embeddable":true,"href":"https:\/\/rayt.com\/fr\/wp-json\/wp\/v2\/product_tag?post=3491"}],"curies":[{"name":"wp","href":"https:\/\/api.w.org\/{rel}","templated":true}]}}