{"id":3494,"date":"2020-11-05T12:15:36","date_gmt":"2020-12-17T10:23:24","guid":{"rendered":"http:\/\/rayt.com\/?post_type=product&#038;p=3494"},"modified":"2021-02-18T11:55:53","modified_gmt":"2021-02-18T11:55:53","slug":"g-154-n","status":"publish","type":"product","link":"https:\/\/rayt.com\/fr\/producto\/g-154-n\/","title":{"rendered":"G-154-N"},"content":{"rendered":"<p>ADH\u00c9SIF EN DISPERSION AQUEUSE D&rsquo;ACETAT DE POLYVINYLE.<br \/>\nAdh\u00e9sif appropri\u00e9 pour lamination \u00e0 plat et enrouler et doubler le carton.<br \/>\nPrise tr\u00e8s rapide en pr\u00e9venant la formation des rides et des ondulations.<\/p>\n<h4>CARACTERISTIQUES<\/h4>\n<p>Lamination et double de papier carton\u00e9.<br \/>\n\u00c9limine la formation de plissements.<br \/>\nContenu en mati\u00e8re s\u00e8che tr\u00e8s \u00e9lev\u00e9.<\/p>\n","protected":false},"excerpt":{"rendered":"<p>ADH\u00c9SIF EN DISPERSION AQUEUSE D&rsquo;ACETAT DE POLYVINYLE. Adh\u00e9sif appropri\u00e9 pour<\/p>\n","protected":false},"featured_media":3052,"comment_status":"open","ping_status":"closed","template":"","meta":{"_acf_changed":false},"product_cat":[1399,704,707,602,653],"product_tag":[],"acf":[],"_links":{"self":[{"href":"https:\/\/rayt.com\/fr\/wp-json\/wp\/v2\/product\/3494"}],"collection":[{"href":"https:\/\/rayt.com\/fr\/wp-json\/wp\/v2\/product"}],"about":[{"href":"https:\/\/rayt.com\/fr\/wp-json\/wp\/v2\/types\/product"}],"replies":[{"embeddable":true,"href":"https:\/\/rayt.com\/fr\/wp-json\/wp\/v2\/comments?post=3494"}],"wp:featuredmedia":[{"embeddable":true,"href":"https:\/\/rayt.com\/fr\/wp-json\/wp\/v2\/media\/3052"}],"wp:attachment":[{"href":"https:\/\/rayt.com\/fr\/wp-json\/wp\/v2\/media?parent=3494"}],"wp:term":[{"taxonomy":"product_cat","embeddable":true,"href":"https:\/\/rayt.com\/fr\/wp-json\/wp\/v2\/product_cat?post=3494"},{"taxonomy":"product_tag","embeddable":true,"href":"https:\/\/rayt.com\/fr\/wp-json\/wp\/v2\/product_tag?post=3494"}],"curies":[{"name":"wp","href":"https:\/\/api.w.org\/{rel}","templated":true}]}}