{"id":3497,"date":"2020-11-05T11:08:36","date_gmt":"2020-12-17T10:34:30","guid":{"rendered":"http:\/\/rayt.com\/?post_type=product&#038;p=3497"},"modified":"2021-02-18T11:42:50","modified_gmt":"2021-02-18T11:42:50","slug":"gv-125-mi","status":"publish","type":"product","link":"https:\/\/rayt.com\/fr\/producto\/gv-125-mi\/","title":{"rendered":"GV-125-MI"},"content":{"rendered":"<p>ADH\u00c9SIF AQUEUX \u00c0 BASE D&rsquo;AMIDON POUR LE CONTRECOLLAGE. APPLICATIONS SP\u00c9CIALES.<br \/>\nAdh\u00e9sif \u00e0 base d&rsquo;amidon pour l&rsquo;encollage de carton avec lui-m\u00eame dans des machines d&rsquo;application verticale avec rembobinage instantan\u00e9.<\/p>\n<h4>CARACTERISTIQUES<\/h4>\n<p>Appropri\u00e9 pour des travaux dans la bande.<br \/>\nTack tr\u00e8s \u00e9lev\u00e9 en humide.<br \/>\nApplication \u00e0 30\u00baC.<br \/>\nConforme FDA 175.105 pour contact alimentaire indirect.<\/p>\n","protected":false},"excerpt":{"rendered":"<p>ADH\u00c9SIF AQUEUX \u00c0 BASE D&rsquo;AMIDON POUR LE CONTRECOLLAGE. APPLICATIONS SP\u00c9CIALES.<\/p>\n","protected":false},"featured_media":3052,"comment_status":"open","ping_status":"closed","template":"","meta":{"_acf_changed":false},"product_cat":[1476,692,602,701,653],"product_tag":[],"acf":[],"_links":{"self":[{"href":"https:\/\/rayt.com\/fr\/wp-json\/wp\/v2\/product\/3497"}],"collection":[{"href":"https:\/\/rayt.com\/fr\/wp-json\/wp\/v2\/product"}],"about":[{"href":"https:\/\/rayt.com\/fr\/wp-json\/wp\/v2\/types\/product"}],"replies":[{"embeddable":true,"href":"https:\/\/rayt.com\/fr\/wp-json\/wp\/v2\/comments?post=3497"}],"wp:featuredmedia":[{"embeddable":true,"href":"https:\/\/rayt.com\/fr\/wp-json\/wp\/v2\/media\/3052"}],"wp:attachment":[{"href":"https:\/\/rayt.com\/fr\/wp-json\/wp\/v2\/media?parent=3497"}],"wp:term":[{"taxonomy":"product_cat","embeddable":true,"href":"https:\/\/rayt.com\/fr\/wp-json\/wp\/v2\/product_cat?post=3497"},{"taxonomy":"product_tag","embeddable":true,"href":"https:\/\/rayt.com\/fr\/wp-json\/wp\/v2\/product_tag?post=3497"}],"curies":[{"name":"wp","href":"https:\/\/api.w.org\/{rel}","templated":true}]}}