{"id":3501,"date":"2020-11-05T10:45:38","date_gmt":"2020-12-17T10:44:11","guid":{"rendered":"http:\/\/rayt.com\/?post_type=product&#038;p=3501"},"modified":"2021-02-18T11:45:19","modified_gmt":"2021-02-18T11:45:19","slug":"g-105-fn","status":"publish","type":"product","link":"https:\/\/rayt.com\/fr\/producto\/g-105-fn\/","title":{"rendered":"G-105-FN"},"content":{"rendered":"<p>ADH\u00c9SIF EN DISPERSION AQUEUSE POUR LE CONTRECOLLAGE \u00c0 PLAT. EMP\u00caCHE LA D\u00c9FORMATION.<br \/>\nAdh\u00e9sif tr\u00e8s appropri\u00e9 pour le contre collage de carton et de microcanal dans les machines automatiques pour emp\u00eacher la formation de d\u00e9formations.<\/p>\n<h4>CARACTERISTIQUES<\/h4>\n<p>Pas de formation de brins.<br \/>\nVitesse de s\u00e9chage lente.<br \/>\nConforme FDA 175.105 pour contact alimentaire indirect.<\/p>\n","protected":false},"excerpt":{"rendered":"<p>ADH\u00c9SIF EN DISPERSION AQUEUSE POUR LE CONTRECOLLAGE \u00c0 PLAT. EMP\u00caCHE<\/p>\n","protected":false},"featured_media":3052,"comment_status":"open","ping_status":"closed","template":"","meta":{"_acf_changed":false},"product_cat":[1397,1675,692,602,701,698,653],"product_tag":[],"acf":[],"_links":{"self":[{"href":"https:\/\/rayt.com\/fr\/wp-json\/wp\/v2\/product\/3501"}],"collection":[{"href":"https:\/\/rayt.com\/fr\/wp-json\/wp\/v2\/product"}],"about":[{"href":"https:\/\/rayt.com\/fr\/wp-json\/wp\/v2\/types\/product"}],"replies":[{"embeddable":true,"href":"https:\/\/rayt.com\/fr\/wp-json\/wp\/v2\/comments?post=3501"}],"wp:featuredmedia":[{"embeddable":true,"href":"https:\/\/rayt.com\/fr\/wp-json\/wp\/v2\/media\/3052"}],"wp:attachment":[{"href":"https:\/\/rayt.com\/fr\/wp-json\/wp\/v2\/media?parent=3501"}],"wp:term":[{"taxonomy":"product_cat","embeddable":true,"href":"https:\/\/rayt.com\/fr\/wp-json\/wp\/v2\/product_cat?post=3501"},{"taxonomy":"product_tag","embeddable":true,"href":"https:\/\/rayt.com\/fr\/wp-json\/wp\/v2\/product_tag?post=3501"}],"curies":[{"name":"wp","href":"https:\/\/api.w.org\/{rel}","templated":true}]}}