{"id":3505,"date":"2020-11-05T10:46:40","date_gmt":"2020-12-17T10:55:12","guid":{"rendered":"http:\/\/rayt.com\/?post_type=product&#038;p=3505"},"modified":"2021-02-18T11:46:19","modified_gmt":"2021-02-18T11:46:19","slug":"g-108-mi-bv","status":"publish","type":"product","link":"https:\/\/rayt.com\/fr\/producto\/g-108-mi-bv\/","title":{"rendered":"G-108-MI BV"},"content":{"rendered":"<p>ADH\u00c9SIF EN DISPERSION AQUEUSE POUR LE CONTRECOLLAGE DE PAPIER ET CARTON. PERFORMANCE MOYENNE.<br \/>\nAdh\u00e9sif pour la lamination de carton, carton ondul\u00e9 et microcanaux avec machines qui travaillent format \u00e0 format.<\/p>\n<h4>CARACTERISTIQUES<\/h4>\n<p>Pas de formation de brins.<br \/>\nVitesse de s\u00e9chage lente.<br \/>\nConforme FDA 175.105 pour contact alimentaire indirect.<\/p>\n","protected":false},"excerpt":{"rendered":"<p>ADH\u00c9SIF EN DISPERSION AQUEUSE POUR LE CONTRECOLLAGE DE PAPIER ET<\/p>\n","protected":false},"featured_media":3052,"comment_status":"open","ping_status":"closed","template":"","meta":{"_acf_changed":false},"product_cat":[1397,1675,692,602,701,698,653],"product_tag":[],"acf":[],"_links":{"self":[{"href":"https:\/\/rayt.com\/fr\/wp-json\/wp\/v2\/product\/3505"}],"collection":[{"href":"https:\/\/rayt.com\/fr\/wp-json\/wp\/v2\/product"}],"about":[{"href":"https:\/\/rayt.com\/fr\/wp-json\/wp\/v2\/types\/product"}],"replies":[{"embeddable":true,"href":"https:\/\/rayt.com\/fr\/wp-json\/wp\/v2\/comments?post=3505"}],"wp:featuredmedia":[{"embeddable":true,"href":"https:\/\/rayt.com\/fr\/wp-json\/wp\/v2\/media\/3052"}],"wp:attachment":[{"href":"https:\/\/rayt.com\/fr\/wp-json\/wp\/v2\/media?parent=3505"}],"wp:term":[{"taxonomy":"product_cat","embeddable":true,"href":"https:\/\/rayt.com\/fr\/wp-json\/wp\/v2\/product_cat?post=3505"},{"taxonomy":"product_tag","embeddable":true,"href":"https:\/\/rayt.com\/fr\/wp-json\/wp\/v2\/product_tag?post=3505"}],"curies":[{"name":"wp","href":"https:\/\/api.w.org\/{rel}","templated":true}]}}