{"id":3515,"date":"2020-11-02T09:41:38","date_gmt":"2020-12-17T11:48:34","guid":{"rendered":"http:\/\/rayt.com\/?post_type=product&#038;p=3515"},"modified":"2021-02-18T08:15:47","modified_gmt":"2021-02-18T08:15:47","slug":"formopol-202","status":"publish","type":"product","link":"https:\/\/rayt.com\/fr\/producto\/formopol-202\/","title":{"rendered":"FORMOPOL 202"},"content":{"rendered":"<div id=\"description_block\">\n<div id=\"description_content\" class=\"rte align_justify\">\n<div id=\"description_block\">\n<div id=\"description_content\" class=\"rte align_justify\">\n<div id=\"description_block\">\n<div id=\"description_content\" class=\"rte align_justify\">\n<p>COLLE UR\u00c9E-FORMALD\u00c9HYDE EN POUDRE POUR LE BOIS. STANDARD.<\/p>\n<\/div>\n<div id=\"description_content\" class=\"rte align_justify\">\n<p>Adh\u00e9sif en poudre pr\u00eat \u00e0 l&#8217;emploi pour toutes sortes d&rsquo;applications dans l&rsquo;industrie des meubles et le bois (placage, assemblage, courbure par haute fr\u00e9quence&#8230;)<\/p>\n<\/div>\n<\/div>\n<h4>CARACTERISTIQUES<\/h4>\n<p>Peut \u00eatre utilis\u00e9 dans la presse \u00e0 froid, mais les meilleurs r\u00e9sultats sont obtenus dans une presse \u00e0 chaud.<br \/>\nEst dissous dans de l&rsquo;eau, 100 parties de produit + 50-60 parties de l&rsquo;eau.<br \/>\nEncollage final de bonne qualit\u00e9.<br \/>\nPoudre ur\u00e9e-formald\u00e9hyde pr\u00e9par\u00e9.<\/p>\n<\/div>\n<\/div>\n<\/div>\n<\/div>\n","protected":false},"excerpt":{"rendered":"<p>COLLE UR\u00c9E-FORMALD\u00c9HYDE EN POUDRE POUR LE BOIS. STANDARD. Adh\u00e9sif en<\/p>\n","protected":false},"featured_media":3527,"comment_status":"open","ping_status":"closed","template":"","meta":{"_acf_changed":false},"product_cat":[1479,1487,1638,900,877,602,885,937,909,882],"product_tag":[],"acf":[],"_links":{"self":[{"href":"https:\/\/rayt.com\/fr\/wp-json\/wp\/v2\/product\/3515"}],"collection":[{"href":"https:\/\/rayt.com\/fr\/wp-json\/wp\/v2\/product"}],"about":[{"href":"https:\/\/rayt.com\/fr\/wp-json\/wp\/v2\/types\/product"}],"replies":[{"embeddable":true,"href":"https:\/\/rayt.com\/fr\/wp-json\/wp\/v2\/comments?post=3515"}],"wp:featuredmedia":[{"embeddable":true,"href":"https:\/\/rayt.com\/fr\/wp-json\/wp\/v2\/media\/3527"}],"wp:attachment":[{"href":"https:\/\/rayt.com\/fr\/wp-json\/wp\/v2\/media?parent=3515"}],"wp:term":[{"taxonomy":"product_cat","embeddable":true,"href":"https:\/\/rayt.com\/fr\/wp-json\/wp\/v2\/product_cat?post=3515"},{"taxonomy":"product_tag","embeddable":true,"href":"https:\/\/rayt.com\/fr\/wp-json\/wp\/v2\/product_tag?post=3515"}],"curies":[{"name":"wp","href":"https:\/\/api.w.org\/{rel}","templated":true}]}}