{"id":3518,"date":"2020-11-05T10:51:16","date_gmt":"2020-12-18T08:17:59","guid":{"rendered":"http:\/\/rayt.com\/?post_type=product&#038;p=3518"},"modified":"2021-02-18T11:48:00","modified_gmt":"2021-02-18T11:48:00","slug":"g-111-mi-n","status":"publish","type":"product","link":"https:\/\/rayt.com\/fr\/producto\/g-111-mi-n\/","title":{"rendered":"G-111-MI N"},"content":{"rendered":"<p>ADH\u00c9SIF EN DISPERSION AQUEUSE POUR LE CONTRECOLLAGE DE PAPIER ET CARTON. HAUTE QUALIT\u00c9.<br \/>\nAdh\u00e9sif de haute qualit\u00e9 pour la lamination de carton ondul\u00e9 ou de microcanal sur machines qui travaillent format \u00e0 format ou \u00e0 partir de bobine.<\/p>\n<h4>CARACTERISTIQUES<\/h4>\n<p>Laminage de carton et microcanaux dans les machines automatiques (Trilam, HISPALAM, &#8230;) en partant de format ou bande.<br \/>\nTr\u00e8s \u00e9lev\u00e9e qualit\u00e9 d&rsquo;encollage.<br \/>\nPas de formation de brins.<br \/>\nVitesse de s\u00e9chage rapide.<br \/>\nConforme FDA 175.105 pour contact alimentaire indirect.<\/p>\n","protected":false},"excerpt":{"rendered":"<p>ADH\u00c9SIF EN DISPERSION AQUEUSE POUR LE CONTRECOLLAGE DE PAPIER ET<\/p>\n","protected":false},"featured_media":3052,"comment_status":"open","ping_status":"closed","template":"","meta":{"_acf_changed":false},"product_cat":[1397,1675,692,602,701,698,653],"product_tag":[],"acf":[],"_links":{"self":[{"href":"https:\/\/rayt.com\/fr\/wp-json\/wp\/v2\/product\/3518"}],"collection":[{"href":"https:\/\/rayt.com\/fr\/wp-json\/wp\/v2\/product"}],"about":[{"href":"https:\/\/rayt.com\/fr\/wp-json\/wp\/v2\/types\/product"}],"replies":[{"embeddable":true,"href":"https:\/\/rayt.com\/fr\/wp-json\/wp\/v2\/comments?post=3518"}],"wp:featuredmedia":[{"embeddable":true,"href":"https:\/\/rayt.com\/fr\/wp-json\/wp\/v2\/media\/3052"}],"wp:attachment":[{"href":"https:\/\/rayt.com\/fr\/wp-json\/wp\/v2\/media?parent=3518"}],"wp:term":[{"taxonomy":"product_cat","embeddable":true,"href":"https:\/\/rayt.com\/fr\/wp-json\/wp\/v2\/product_cat?post=3518"},{"taxonomy":"product_tag","embeddable":true,"href":"https:\/\/rayt.com\/fr\/wp-json\/wp\/v2\/product_tag?post=3518"}],"curies":[{"name":"wp","href":"https:\/\/api.w.org\/{rel}","templated":true}]}}