{"id":3522,"date":"2020-11-05T10:53:34","date_gmt":"2020-12-18T08:26:08","guid":{"rendered":"http:\/\/rayt.com\/?post_type=product&#038;p=3522"},"modified":"2020-12-18T08:26:09","modified_gmt":"2020-12-18T08:26:09","slug":"g-113-mi","status":"publish","type":"product","link":"https:\/\/rayt.com\/fr\/producto\/g-113-mi\/","title":{"rendered":"G-113-MI"},"content":{"rendered":"<p>ADH\u00c9SIF EN DISPERSION AQUEUSE POUR LE CONTRECOLLAGE DE PAPIER ET DE CARTON. BAISSE VISCOSIT\u00c9.<br \/>\nAdh\u00e9sif de haute qualit\u00e9 pour la lamination de carton ondul\u00e9 ou de microcanal sur machines qui travaillent format \u00e0 format \u00e0 partir de bobine.<\/p>\n<h4>CARACTERISTIQUES<\/h4>\n<p>Vitesse de s\u00e9chage rapide.<br \/>\nPas de formation de brins.<br \/>\nConforme FDA 175.105 pour contact alimentaire indirect.<\/p>\n","protected":false},"excerpt":{"rendered":"<p>ADH\u00c9SIF EN DISPERSION AQUEUSE POUR LE CONTRECOLLAGE DE PAPIER ET<\/p>\n","protected":false},"featured_media":3357,"comment_status":"open","ping_status":"closed","template":"","meta":{"_acf_changed":false},"product_cat":[692,602,701,698,653],"product_tag":[],"acf":[],"_links":{"self":[{"href":"https:\/\/rayt.com\/fr\/wp-json\/wp\/v2\/product\/3522"}],"collection":[{"href":"https:\/\/rayt.com\/fr\/wp-json\/wp\/v2\/product"}],"about":[{"href":"https:\/\/rayt.com\/fr\/wp-json\/wp\/v2\/types\/product"}],"replies":[{"embeddable":true,"href":"https:\/\/rayt.com\/fr\/wp-json\/wp\/v2\/comments?post=3522"}],"wp:featuredmedia":[{"embeddable":true,"href":"https:\/\/rayt.com\/fr\/wp-json\/wp\/v2\/media\/3357"}],"wp:attachment":[{"href":"https:\/\/rayt.com\/fr\/wp-json\/wp\/v2\/media?parent=3522"}],"wp:term":[{"taxonomy":"product_cat","embeddable":true,"href":"https:\/\/rayt.com\/fr\/wp-json\/wp\/v2\/product_cat?post=3522"},{"taxonomy":"product_tag","embeddable":true,"href":"https:\/\/rayt.com\/fr\/wp-json\/wp\/v2\/product_tag?post=3522"}],"curies":[{"name":"wp","href":"https:\/\/api.w.org\/{rel}","templated":true}]}}