{"id":3530,"date":"2020-11-05T11:20:27","date_gmt":"2020-12-18T08:34:38","guid":{"rendered":"http:\/\/rayt.com\/?post_type=product&#038;p=3530"},"modified":"2021-02-18T11:51:19","modified_gmt":"2021-02-18T11:51:19","slug":"g-182-co","status":"publish","type":"product","link":"https:\/\/rayt.com\/fr\/producto\/g-182-co\/","title":{"rendered":"G-182-CO"},"content":{"rendered":"<p>ADH\u00c9SIF EN DISPERSION AQUEUSE POUR LE CONTRECOLLAGE DE PAPIER ET CARTON. PURE, SANS CHARGES.<br \/>\nAdh\u00e9sif pour la lamination de carton ondul\u00e9 ou de microcanal sur machines qui travaillent format \u00e0 format \u00e0 partir de bobine.<\/p>\n<h4>CARACTERISTIQUES<\/h4>\n<p>Laminage de carton, carton ondul\u00e9, microcanaux et mousses dans des machines automatiques type ASITRADE, IOBOX, CONTROLING, STOCK, UNIVERSAL, GRASSI, TRILAM, HISPALAM, POLILAM, L\u00c1MINA, T\u00dcNKERS, etc.<br \/>\nAppropri\u00e9 pour l&rsquo;application pour injection.<br \/>\nVitesse de s\u00e9chage rapide.<br \/>\nSans de charges.<br \/>\nConforme FDA 175.105 pour contact alimentaire indirect.<\/p>\n","protected":false},"excerpt":{"rendered":"<p>ADH\u00c9SIF EN DISPERSION AQUEUSE POUR LE CONTRECOLLAGE DE PAPIER ET<\/p>\n","protected":false},"featured_media":3052,"comment_status":"open","ping_status":"closed","template":"","meta":{"_acf_changed":false},"product_cat":[1397,692,602,701,653],"product_tag":[],"acf":[],"_links":{"self":[{"href":"https:\/\/rayt.com\/fr\/wp-json\/wp\/v2\/product\/3530"}],"collection":[{"href":"https:\/\/rayt.com\/fr\/wp-json\/wp\/v2\/product"}],"about":[{"href":"https:\/\/rayt.com\/fr\/wp-json\/wp\/v2\/types\/product"}],"replies":[{"embeddable":true,"href":"https:\/\/rayt.com\/fr\/wp-json\/wp\/v2\/comments?post=3530"}],"wp:featuredmedia":[{"embeddable":true,"href":"https:\/\/rayt.com\/fr\/wp-json\/wp\/v2\/media\/3052"}],"wp:attachment":[{"href":"https:\/\/rayt.com\/fr\/wp-json\/wp\/v2\/media?parent=3530"}],"wp:term":[{"taxonomy":"product_cat","embeddable":true,"href":"https:\/\/rayt.com\/fr\/wp-json\/wp\/v2\/product_cat?post=3530"},{"taxonomy":"product_tag","embeddable":true,"href":"https:\/\/rayt.com\/fr\/wp-json\/wp\/v2\/product_tag?post=3530"}],"curies":[{"name":"wp","href":"https:\/\/api.w.org\/{rel}","templated":true}]}}