{"id":3532,"date":"2020-11-02T09:43:25","date_gmt":"2020-12-18T08:37:22","guid":{"rendered":"http:\/\/rayt.com\/?post_type=product&#038;p=3532"},"modified":"2021-02-18T08:17:15","modified_gmt":"2021-02-18T08:17:15","slug":"formopol-210-l","status":"publish","type":"product","link":"https:\/\/rayt.com\/fr\/producto\/formopol-210-l\/","title":{"rendered":"FORMOPOL 210 L"},"content":{"rendered":"<div id=\"description_block\">\n<div id=\"description_content\" class=\"rte align_justify\">\n<div id=\"description_block\">\n<div id=\"description_content\" class=\"rte align_justify\">\n<p>COLLE UR\u00c9E-FORMALD\u00c9HYDE EN POUDRE POUR LE BOIS. TEMPS OUVERT LONG.<\/p>\n<\/div>\n<div id=\"description_content\" class=\"rte align_justify\">\n<p>Colle en poudre pr\u00eat \u00e0 l&#8217;emploi \u00e0 long temps ouvert, pour toutes sortes d&rsquo;applications dans l&rsquo;industrie des meubles et le bois (placages, assemblage, courbure par haute fr\u00e9quence&#8230;)<\/p>\n<\/div>\n<\/div>\n<h4>CARACTERISTIQUES<\/h4>\n<p>Est dissous dans de l&rsquo;eau, 100 parties de produit + 60-80 parties de l&rsquo;eau.<br \/>\nDoit \u00eatre utilis\u00e9 dans une presse \u00e0 chaud.<br \/>\nPoudre ur\u00e9e-formald\u00e9hyde pr\u00e9par\u00e9.<br \/>\nTemps de travail tr\u00e8s long.<\/p>\n<\/div>\n<\/div>\n","protected":false},"excerpt":{"rendered":"<p>COLLE UR\u00c9E-FORMALD\u00c9HYDE EN POUDRE POUR LE BOIS. TEMPS OUVERT LONG.<\/p>\n","protected":false},"featured_media":3527,"comment_status":"open","ping_status":"closed","template":"","meta":{"_acf_changed":false},"product_cat":[1479,1487,1638,900,877,602,885,937,909,882],"product_tag":[],"acf":[],"_links":{"self":[{"href":"https:\/\/rayt.com\/fr\/wp-json\/wp\/v2\/product\/3532"}],"collection":[{"href":"https:\/\/rayt.com\/fr\/wp-json\/wp\/v2\/product"}],"about":[{"href":"https:\/\/rayt.com\/fr\/wp-json\/wp\/v2\/types\/product"}],"replies":[{"embeddable":true,"href":"https:\/\/rayt.com\/fr\/wp-json\/wp\/v2\/comments?post=3532"}],"wp:featuredmedia":[{"embeddable":true,"href":"https:\/\/rayt.com\/fr\/wp-json\/wp\/v2\/media\/3527"}],"wp:attachment":[{"href":"https:\/\/rayt.com\/fr\/wp-json\/wp\/v2\/media?parent=3532"}],"wp:term":[{"taxonomy":"product_cat","embeddable":true,"href":"https:\/\/rayt.com\/fr\/wp-json\/wp\/v2\/product_cat?post=3532"},{"taxonomy":"product_tag","embeddable":true,"href":"https:\/\/rayt.com\/fr\/wp-json\/wp\/v2\/product_tag?post=3532"}],"curies":[{"name":"wp","href":"https:\/\/api.w.org\/{rel}","templated":true}]}}