{"id":3539,"date":"2020-11-05T10:58:18","date_gmt":"2020-12-18T08:48:00","guid":{"rendered":"http:\/\/rayt.com\/?post_type=product&#038;p=3539"},"modified":"2020-12-18T08:48:00","modified_gmt":"2020-12-18T08:48:00","slug":"gv-120-mi","status":"publish","type":"product","link":"https:\/\/rayt.com\/fr\/producto\/gv-120-mi\/","title":{"rendered":"GV-120-MI"},"content":{"rendered":"<p>ADH\u00c9SIF AQUEUX \u00c0 BASE D&rsquo;AMIDON POUR LE CONTRECOLLAGE. STANDARD.<br \/>\nAdh\u00e9sif pour lamination en ligne, bobine ou format de microcanal, minimicro, canal 3, etc, pour les machines de moyenne et de haute vitesse.<\/p>\n<h4>CARACTERISTIQUES<\/h4>\n<p>Appropi\u00e9 pour machines type ASITRADE, IOBOX, CONTROLING, STOCK, UNIVERSAL, GRASSI, TRILAM, HISPALAM, POLILAM, L\u00c1MINA, T\u00dcNKERS, etc.<br \/>\nAppropri\u00e9 pour machines de moyenne et de haute vitesse.<br \/>\nS\u00e9chage final dans la tas.<br \/>\nApplicable \u00e0 30-35\u00baC.<br \/>\nBon tack en humide.<br \/>\nConforme FDA 175.105 pour contact alimentaire indirect.<\/p>\n","protected":false},"excerpt":{"rendered":"<p>ADH\u00c9SIF AQUEUX \u00c0 BASE D&rsquo;AMIDON POUR LE CONTRECOLLAGE. STANDARD. Adh\u00e9sif<\/p>\n","protected":false},"featured_media":3052,"comment_status":"open","ping_status":"closed","template":"","meta":{"_acf_changed":false},"product_cat":[692,602,698,653],"product_tag":[],"acf":[],"_links":{"self":[{"href":"https:\/\/rayt.com\/fr\/wp-json\/wp\/v2\/product\/3539"}],"collection":[{"href":"https:\/\/rayt.com\/fr\/wp-json\/wp\/v2\/product"}],"about":[{"href":"https:\/\/rayt.com\/fr\/wp-json\/wp\/v2\/types\/product"}],"replies":[{"embeddable":true,"href":"https:\/\/rayt.com\/fr\/wp-json\/wp\/v2\/comments?post=3539"}],"wp:featuredmedia":[{"embeddable":true,"href":"https:\/\/rayt.com\/fr\/wp-json\/wp\/v2\/media\/3052"}],"wp:attachment":[{"href":"https:\/\/rayt.com\/fr\/wp-json\/wp\/v2\/media?parent=3539"}],"wp:term":[{"taxonomy":"product_cat","embeddable":true,"href":"https:\/\/rayt.com\/fr\/wp-json\/wp\/v2\/product_cat?post=3539"},{"taxonomy":"product_tag","embeddable":true,"href":"https:\/\/rayt.com\/fr\/wp-json\/wp\/v2\/product_tag?post=3539"}],"curies":[{"name":"wp","href":"https:\/\/api.w.org\/{rel}","templated":true}]}}