{"id":3540,"date":"2020-10-28T11:23:42","date_gmt":"2020-12-18T08:46:37","guid":{"rendered":"http:\/\/rayt.com\/?post_type=product&#038;p=3540"},"modified":"2021-02-17T11:07:00","modified_gmt":"2021-02-17T11:07:00","slug":"ma-1573","status":"publish","type":"product","link":"https:\/\/rayt.com\/fr\/producto\/ma-1573\/","title":{"rendered":"MA-1573"},"content":{"rendered":"<div id=\"description_block\">\n<div id=\"description_content\" class=\"rte align_justify\">\n<div id=\"description_block\">\n<div id=\"description_content\" class=\"rte align_justify\">\n<div id=\"description_block\">\n<div id=\"description_content\" class=\"rte align_justify\">\n<p>COLLE BLANCHE SP\u00c9CIAL POUR LA LAMINATION ET L&rsquo;USAGE G\u00c9N\u00c9RAL. HAUTE TENEUR EN SOLIDES.<\/p>\n<\/div>\n<div id=\"description_content\" class=\"rte align_justify\">\n<p>Adh\u00e9sif de haute qualit\u00e9 et de haute teneur en solides pour des applications sp\u00e9ciales dans le secteur du bois-meubles.<\/p>\n<\/div>\n<\/div>\n<h4>CARACTERISTIQUES<\/h4>\n<p>Appropri\u00e9 quand on a besoin d&rsquo;un produit de haute qualit\u00e9 et s\u00e9chage rapide.<br \/>\nForte adh\u00e9rence en humide, haute p\u00e9n\u00e9tration dans du bois.<br \/>\nApplicable par collage au rouleau, \u00e0 brosse, etc.<br \/>\nSans charges, film sec transparent.<\/p>\n<\/div>\n<\/div>\n<\/div>\n<\/div>\n","protected":false},"excerpt":{"rendered":"<p>COLLE BLANCHE SP\u00c9CIAL POUR LA LAMINATION ET L&rsquo;USAGE G\u00c9N\u00c9RAL. HAUTE<\/p>\n","protected":false},"featured_media":2988,"comment_status":"open","ping_status":"closed","template":"","meta":{"_acf_changed":false},"product_cat":[813,858,856,1370,1448,602,937,819],"product_tag":[],"acf":[],"_links":{"self":[{"href":"https:\/\/rayt.com\/fr\/wp-json\/wp\/v2\/product\/3540"}],"collection":[{"href":"https:\/\/rayt.com\/fr\/wp-json\/wp\/v2\/product"}],"about":[{"href":"https:\/\/rayt.com\/fr\/wp-json\/wp\/v2\/types\/product"}],"replies":[{"embeddable":true,"href":"https:\/\/rayt.com\/fr\/wp-json\/wp\/v2\/comments?post=3540"}],"wp:featuredmedia":[{"embeddable":true,"href":"https:\/\/rayt.com\/fr\/wp-json\/wp\/v2\/media\/2988"}],"wp:attachment":[{"href":"https:\/\/rayt.com\/fr\/wp-json\/wp\/v2\/media?parent=3540"}],"wp:term":[{"taxonomy":"product_cat","embeddable":true,"href":"https:\/\/rayt.com\/fr\/wp-json\/wp\/v2\/product_cat?post=3540"},{"taxonomy":"product_tag","embeddable":true,"href":"https:\/\/rayt.com\/fr\/wp-json\/wp\/v2\/product_tag?post=3540"}],"curies":[{"name":"wp","href":"https:\/\/api.w.org\/{rel}","templated":true}]}}