{"id":3544,"date":"2020-10-28T11:20:23","date_gmt":"2020-12-18T08:52:44","guid":{"rendered":"http:\/\/rayt.com\/?post_type=product&#038;p=3544"},"modified":"2021-02-17T09:57:46","modified_gmt":"2021-02-17T09:57:46","slug":"ma-1550","status":"publish","type":"product","link":"https:\/\/rayt.com\/fr\/producto\/ma-1550\/","title":{"rendered":"MA-1550"},"content":{"rendered":"<div id=\"description_block\">\n<div id=\"description_content\" class=\"rte align_justify\">\n<div id=\"description_block\">\n<div id=\"description_content\" class=\"rte align_justify\">\n<div id=\"description_block\">\n<div id=\"description_content\" class=\"rte align_justify\">\n<p>COLLE BLANCHE D&rsquo;AC\u00c9TAT POLYVINYLE POUR LE BOIS. COLLE RAPIDE POUR L&rsquo;ASSEMBLAGE. TR\u00c8S HAUTE QUALIT\u00c9.<\/p>\n<\/div>\n<div id=\"description_content\" class=\"rte align_justify\">\n<p>Adh\u00e9sif de haute qualit\u00e9 pour l&rsquo;assemblage.<br \/>\nSp\u00e9cial pour le bois massif, les panneaux latt\u00e9s, l&rsquo;assemblage \u00ab\u00a0finger-joint\u00a0\u00bb et toutes sortes de travaux de menuiserie.<\/p>\n<\/div>\n<\/div>\n<h4>CARACTERISTIQUES<\/h4>\n<p>Forte adh\u00e9rence sur mouill\u00e9, grande p\u00e9n\u00e9tration dans de bois et s\u00e9chage rapide.<br \/>\nExcellente r\u00e9sistance \u00e0 la chaleur et \u00e0 la force.<br \/>\nCollage rapide du bois massif et placage.<\/p>\n<\/div>\n<\/div>\n<\/div>\n<\/div>\n","protected":false},"excerpt":{"rendered":"<p>COLLE BLANCHE D&rsquo;AC\u00c9TAT POLYVINYLE POUR LE BOIS. COLLE RAPIDE POUR<\/p>\n","protected":false},"featured_media":2988,"comment_status":"open","ping_status":"closed","template":"","meta":{"_acf_changed":false},"product_cat":[813,1448,1582,602,937,912,919,819],"product_tag":[],"acf":[],"_links":{"self":[{"href":"https:\/\/rayt.com\/fr\/wp-json\/wp\/v2\/product\/3544"}],"collection":[{"href":"https:\/\/rayt.com\/fr\/wp-json\/wp\/v2\/product"}],"about":[{"href":"https:\/\/rayt.com\/fr\/wp-json\/wp\/v2\/types\/product"}],"replies":[{"embeddable":true,"href":"https:\/\/rayt.com\/fr\/wp-json\/wp\/v2\/comments?post=3544"}],"wp:featuredmedia":[{"embeddable":true,"href":"https:\/\/rayt.com\/fr\/wp-json\/wp\/v2\/media\/2988"}],"wp:attachment":[{"href":"https:\/\/rayt.com\/fr\/wp-json\/wp\/v2\/media?parent=3544"}],"wp:term":[{"taxonomy":"product_cat","embeddable":true,"href":"https:\/\/rayt.com\/fr\/wp-json\/wp\/v2\/product_cat?post=3544"},{"taxonomy":"product_tag","embeddable":true,"href":"https:\/\/rayt.com\/fr\/wp-json\/wp\/v2\/product_tag?post=3544"}],"curies":[{"name":"wp","href":"https:\/\/api.w.org\/{rel}","templated":true}]}}