{"id":3547,"date":"2020-11-05T11:05:08","date_gmt":"2020-12-18T08:57:35","guid":{"rendered":"http:\/\/rayt.com\/?post_type=product&#038;p=3547"},"modified":"2021-02-18T11:52:46","modified_gmt":"2021-02-18T11:52:46","slug":"gv-200-mi-premium","status":"publish","type":"product","link":"https:\/\/rayt.com\/fr\/producto\/gv-200-mi-premium\/","title":{"rendered":"GV-200-MI PREMIUM"},"content":{"rendered":"<p>ADH\u00c9SIF AQUEUX \u00c0 BASE D&rsquo;AMIDON DE HAUTE PERFORMANCE.<br \/>\nAdh\u00e9sif en base d&rsquo;amidon de nouvelle g\u00e9n\u00e9ration pour le contrecollage.<\/p>\n<h4>CARACTERISTIQUES<\/h4>\n<p>Tr\u00e8s appropri\u00e9 pour les machines \u00e0 grande vitesse.<br \/>\nPH neutre, ne produit pas d&rsquo;attaque \u00e0 l&rsquo;encre.<br \/>\nLibre de borax et d&rsquo;autres substances SVHC.<br \/>\nS\u00e9chage final dans la tas.<br \/>\nBon tack en humide.<br \/>\nConforme FDA 175.105 pour contact alimentaire indirect.<\/p>\n","protected":false},"excerpt":{"rendered":"<p>ADH\u00c9SIF AQUEUX \u00c0 BASE D&rsquo;AMIDON DE HAUTE PERFORMANCE. Adh\u00e9sif en<\/p>\n","protected":false},"featured_media":3052,"comment_status":"open","ping_status":"closed","template":"","meta":{"_acf_changed":false},"product_cat":[1675,692,602,698,653],"product_tag":[],"acf":[],"_links":{"self":[{"href":"https:\/\/rayt.com\/fr\/wp-json\/wp\/v2\/product\/3547"}],"collection":[{"href":"https:\/\/rayt.com\/fr\/wp-json\/wp\/v2\/product"}],"about":[{"href":"https:\/\/rayt.com\/fr\/wp-json\/wp\/v2\/types\/product"}],"replies":[{"embeddable":true,"href":"https:\/\/rayt.com\/fr\/wp-json\/wp\/v2\/comments?post=3547"}],"wp:featuredmedia":[{"embeddable":true,"href":"https:\/\/rayt.com\/fr\/wp-json\/wp\/v2\/media\/3052"}],"wp:attachment":[{"href":"https:\/\/rayt.com\/fr\/wp-json\/wp\/v2\/media?parent=3547"}],"wp:term":[{"taxonomy":"product_cat","embeddable":true,"href":"https:\/\/rayt.com\/fr\/wp-json\/wp\/v2\/product_cat?post=3547"},{"taxonomy":"product_tag","embeddable":true,"href":"https:\/\/rayt.com\/fr\/wp-json\/wp\/v2\/product_tag?post=3547"}],"curies":[{"name":"wp","href":"https:\/\/api.w.org\/{rel}","templated":true}]}}