{"id":3550,"date":"2020-10-28T11:18:04","date_gmt":"2020-12-18T09:00:39","guid":{"rendered":"http:\/\/rayt.com\/?post_type=product&#038;p=3550"},"modified":"2021-02-17T11:04:55","modified_gmt":"2021-02-17T11:04:55","slug":"ma-1502-r","status":"publish","type":"product","link":"https:\/\/rayt.com\/fr\/producto\/ma-1502-r\/","title":{"rendered":"MA-1502-R"},"content":{"rendered":"<div id=\"description_block\">\n<div id=\"description_content\" class=\"rte align_justify\">\n<div id=\"description_block\">\n<div id=\"description_content\" class=\"rte align_justify\">\n<div id=\"description_block\">\n<div id=\"description_content\" class=\"rte align_justify\">\n<div id=\"description_block\">\n<div id=\"description_content\" class=\"rte align_justify\">\n<p>COLLE BLANCHE D&rsquo;AC\u00c9TAT POLYVINYLE POUR LE BOIS. COLLE RAPIDE POUR L&rsquo;ASSEMBLAGE. QUALIT\u00c9 STANDARD.<\/p>\n<\/div>\n<div id=\"description_content\" class=\"rte align_justify\">\n<p>Adh\u00e9sif pour l&rsquo;assemblage. Sp\u00e9cial pour le bois massif, les panneaux latt\u00e9s, l&rsquo;assemblage \u00ab\u00a0finger-joint\u00a0\u00bb et toutes sortes de travaux de menuiserie.<\/p>\n<\/div>\n<\/div>\n<h4>CARACTERISTIQUES<\/h4>\n<p>Forte adh\u00e9rence en humide, grande p\u00e9n\u00e9tration dans le bois et s\u00e9chage rapide.<br \/>\nBonne r\u00e9sistance \u00e0 la chaleur et \u00e0 la force.<br \/>\nCollage rapide du bois massif et placage.<\/p>\n<\/div>\n<\/div>\n<\/div>\n<\/div>\n<\/div>\n<\/div>\n","protected":false},"excerpt":{"rendered":"<p>COLLE BLANCHE D&rsquo;AC\u00c9TAT POLYVINYLE POUR LE BOIS. COLLE RAPIDE POUR<\/p>\n","protected":false},"featured_media":2988,"comment_status":"open","ping_status":"closed","template":"","meta":{"_acf_changed":false},"product_cat":[813,858,856,1370,1448,602,937,819],"product_tag":[],"acf":[],"_links":{"self":[{"href":"https:\/\/rayt.com\/fr\/wp-json\/wp\/v2\/product\/3550"}],"collection":[{"href":"https:\/\/rayt.com\/fr\/wp-json\/wp\/v2\/product"}],"about":[{"href":"https:\/\/rayt.com\/fr\/wp-json\/wp\/v2\/types\/product"}],"replies":[{"embeddable":true,"href":"https:\/\/rayt.com\/fr\/wp-json\/wp\/v2\/comments?post=3550"}],"wp:featuredmedia":[{"embeddable":true,"href":"https:\/\/rayt.com\/fr\/wp-json\/wp\/v2\/media\/2988"}],"wp:attachment":[{"href":"https:\/\/rayt.com\/fr\/wp-json\/wp\/v2\/media?parent=3550"}],"wp:term":[{"taxonomy":"product_cat","embeddable":true,"href":"https:\/\/rayt.com\/fr\/wp-json\/wp\/v2\/product_cat?post=3550"},{"taxonomy":"product_tag","embeddable":true,"href":"https:\/\/rayt.com\/fr\/wp-json\/wp\/v2\/product_tag?post=3550"}],"curies":[{"name":"wp","href":"https:\/\/api.w.org\/{rel}","templated":true}]}}