{"id":3561,"date":"2020-11-05T10:38:46","date_gmt":"2020-12-18T09:10:40","guid":{"rendered":"http:\/\/rayt.com\/?post_type=product&#038;p=3561"},"modified":"2021-02-18T11:54:08","modified_gmt":"2021-02-18T11:54:08","slug":"rayt-corrugate-200-mi-polvo","status":"publish","type":"product","link":"https:\/\/rayt.com\/fr\/producto\/rayt-corrugate-200-mi-polvo\/","title":{"rendered":"RAYT CORRUGATE 200 MI POLVO"},"content":{"rendered":"<p>ADH\u00c9SIF POUR LA FABRICATION DE L&rsquo;ONDE. PROCESSUS STEIN-HALL.<br \/>\nAdh\u00e9sif one-shot \u00e0 prise rapide pour la fabrication de carton ondul\u00e9 par le processus Stein-Hall.<\/p>\n<h4>CARACTERISTIQUES<\/h4>\n<p>Adh\u00e9sif en poudre, blanc, partiellement soluble dans l&rsquo;eau.<br \/>\nAlternative pr\u00e9par\u00e9 pour les colles syst\u00e8me Stein-Hall.<br \/>\nPr\u00eat \u00e0 l&#8217;emploi, ne n\u00e9cessitant que l&rsquo;addition d&rsquo;eau.<br \/>\nAdh\u00e9sif one-shot.<br \/>\nS\u00e9chage rapide.<br \/>\nConforme FDA 175.105 pour contact alimentaire indirect.<\/p>\n","protected":false},"excerpt":{"rendered":"<p>ADH\u00c9SIF POUR LA FABRICATION DE L&rsquo;ONDE. PROCESSUS STEIN-HALL. Adh\u00e9sif one-shot<\/p>\n","protected":false},"featured_media":3562,"comment_status":"open","ping_status":"closed","template":"","meta":{"_acf_changed":false},"product_cat":[1692,692,695,602,653],"product_tag":[],"acf":[],"_links":{"self":[{"href":"https:\/\/rayt.com\/fr\/wp-json\/wp\/v2\/product\/3561"}],"collection":[{"href":"https:\/\/rayt.com\/fr\/wp-json\/wp\/v2\/product"}],"about":[{"href":"https:\/\/rayt.com\/fr\/wp-json\/wp\/v2\/types\/product"}],"replies":[{"embeddable":true,"href":"https:\/\/rayt.com\/fr\/wp-json\/wp\/v2\/comments?post=3561"}],"wp:featuredmedia":[{"embeddable":true,"href":"https:\/\/rayt.com\/fr\/wp-json\/wp\/v2\/media\/3562"}],"wp:attachment":[{"href":"https:\/\/rayt.com\/fr\/wp-json\/wp\/v2\/media?parent=3561"}],"wp:term":[{"taxonomy":"product_cat","embeddable":true,"href":"https:\/\/rayt.com\/fr\/wp-json\/wp\/v2\/product_cat?post=3561"},{"taxonomy":"product_tag","embeddable":true,"href":"https:\/\/rayt.com\/fr\/wp-json\/wp\/v2\/product_tag?post=3561"}],"curies":[{"name":"wp","href":"https:\/\/api.w.org\/{rel}","templated":true}]}}