{"id":3570,"date":"2020-11-05T08:10:14","date_gmt":"2020-12-18T09:28:47","guid":{"rendered":"http:\/\/rayt.com\/?post_type=product&#038;p=3570"},"modified":"2021-02-18T11:37:04","modified_gmt":"2021-02-18T11:37:04","slug":"g-122-sa-especial","status":"publish","type":"product","link":"https:\/\/rayt.com\/fr\/producto\/g-122-sa-especial\/","title":{"rendered":"G-122-SA ESPECIAL"},"content":{"rendered":"<p>COLLE AQUEUSE EN DISPERSION POUR LE COLLAGE DE LA FEUILLE INT\u00c9RIEURE DE POLY\u00c9THYL\u00c8NE EN SACS EN PAPIER. FIXATION FORTE.<br \/>\nAdh\u00e9sif utilisable pour la fabrication de sacs en papier, pour le collage du film de poly\u00e9thyl\u00e8ne trait\u00e9 ou non trait\u00e9 avec le papier kraft des sacs.<\/p>\n<h4>CARACTERISTIQUES<\/h4>\n<p>S\u00e9curisation du film de poly\u00e9thyl\u00e8ne au papier kraft, avec l\u0092enl\u00e8vement de fibre si le poly\u00e9thyl\u00e8ne est trait\u00e9.<br \/>\nUtilisable sur la plupart des machines conventionnelles.<br \/>\nAbsence d&rsquo;\u00e9claboussures et de mousse dans l&rsquo;applicateur.<br \/>\nConforme FDA 175.105 pour contact alimentaire indirect.<\/p>\n","protected":false},"excerpt":{"rendered":"<p>COLLE AQUEUSE EN DISPERSION POUR LE COLLAGE DE LA FEUILLE<\/p>\n","protected":false},"featured_media":3052,"comment_status":"open","ping_status":"closed","template":"","meta":{"_acf_changed":false},"product_cat":[689,1672,686,602,653],"product_tag":[],"acf":[],"_links":{"self":[{"href":"https:\/\/rayt.com\/fr\/wp-json\/wp\/v2\/product\/3570"}],"collection":[{"href":"https:\/\/rayt.com\/fr\/wp-json\/wp\/v2\/product"}],"about":[{"href":"https:\/\/rayt.com\/fr\/wp-json\/wp\/v2\/types\/product"}],"replies":[{"embeddable":true,"href":"https:\/\/rayt.com\/fr\/wp-json\/wp\/v2\/comments?post=3570"}],"wp:featuredmedia":[{"embeddable":true,"href":"https:\/\/rayt.com\/fr\/wp-json\/wp\/v2\/media\/3052"}],"wp:attachment":[{"href":"https:\/\/rayt.com\/fr\/wp-json\/wp\/v2\/media?parent=3570"}],"wp:term":[{"taxonomy":"product_cat","embeddable":true,"href":"https:\/\/rayt.com\/fr\/wp-json\/wp\/v2\/product_cat?post=3570"},{"taxonomy":"product_tag","embeddable":true,"href":"https:\/\/rayt.com\/fr\/wp-json\/wp\/v2\/product_tag?post=3570"}],"curies":[{"name":"wp","href":"https:\/\/api.w.org\/{rel}","templated":true}]}}