{"id":3577,"date":"2020-10-28T11:11:25","date_gmt":"2020-12-18T09:48:19","guid":{"rendered":"http:\/\/rayt.com\/?post_type=product&#038;p=3577"},"modified":"2021-02-15T08:48:52","modified_gmt":"2021-02-15T08:48:52","slug":"ma-150-amarilla","status":"publish","type":"product","link":"https:\/\/rayt.com\/fr\/producto\/ma-150-amarilla\/","title":{"rendered":"MA-150 AMARILLA"},"content":{"rendered":"<div id=\"description_block\">\n<div id=\"description_content\" class=\"rte align_justify\">\n<div id=\"description_block\">\n<div id=\"description_content\" class=\"rte align_justify\">\n<p>COLLE BLANCHE D&rsquo;AC\u00c9TAT POLYVINYLE POUR LE BOIS. COLLE JAUNE RAPIDE POUR L&rsquo;ASSEMBLAGE.<\/p>\n<\/div>\n<div id=\"description_content\" class=\"rte align_justify\">\n<p>Adh\u00e9sif jaune pour l&rsquo;assemblage.<br \/>\nSp\u00e9cial pour le bois massif, les panneaux latt\u00e9s, l&rsquo;assemblage \u00ab\u00a0finger-joint\u00a0\u00bb et toutes sortes de travaux de menuiserie.<\/p>\n<\/div>\n<\/div>\n<h4>CARACTERISTIQUES<\/h4>\n<p>Forte adh\u00e9rence sur mouill\u00e9, grande p\u00e9n\u00e9tration dans de bois et s\u00e9chage rapide.<br \/>\nBonne r\u00e9sistance \u00e0 la chaleur et \u00e0 la force.<br \/>\nEncollage rapide du bois massif et placage.<br \/>\nPigment\u00e9 en jaune.<\/p>\n<\/div>\n<\/div>\n","protected":false},"excerpt":{"rendered":"<p>COLLE BLANCHE D&rsquo;AC\u00c9TAT POLYVINYLE POUR LE BOIS. COLLE JAUNE RAPIDE<\/p>\n","protected":false},"featured_media":2988,"comment_status":"open","ping_status":"closed","template":"","meta":{"_acf_changed":false},"product_cat":[813,1448,602,937,819],"product_tag":[],"acf":[],"_links":{"self":[{"href":"https:\/\/rayt.com\/fr\/wp-json\/wp\/v2\/product\/3577"}],"collection":[{"href":"https:\/\/rayt.com\/fr\/wp-json\/wp\/v2\/product"}],"about":[{"href":"https:\/\/rayt.com\/fr\/wp-json\/wp\/v2\/types\/product"}],"replies":[{"embeddable":true,"href":"https:\/\/rayt.com\/fr\/wp-json\/wp\/v2\/comments?post=3577"}],"wp:featuredmedia":[{"embeddable":true,"href":"https:\/\/rayt.com\/fr\/wp-json\/wp\/v2\/media\/2988"}],"wp:attachment":[{"href":"https:\/\/rayt.com\/fr\/wp-json\/wp\/v2\/media?parent=3577"}],"wp:term":[{"taxonomy":"product_cat","embeddable":true,"href":"https:\/\/rayt.com\/fr\/wp-json\/wp\/v2\/product_cat?post=3577"},{"taxonomy":"product_tag","embeddable":true,"href":"https:\/\/rayt.com\/fr\/wp-json\/wp\/v2\/product_tag?post=3577"}],"curies":[{"name":"wp","href":"https:\/\/api.w.org\/{rel}","templated":true}]}}