{"id":3580,"date":"2020-12-18T09:43:44","date_gmt":"2020-12-18T09:55:18","guid":{"rendered":"http:\/\/rayt.com\/?post_type=product&#038;p=3580"},"modified":"2021-02-18T11:34:38","modified_gmt":"2021-02-18T11:34:38","slug":"iberpren-r-1000","status":"publish","type":"product","link":"https:\/\/rayt.com\/fr\/producto\/iberpren-r-1000\/","title":{"rendered":"IBERPREN R-1000"},"content":{"rendered":"<p>IMPERMEABILISANT POUR LE PAPIER ET LE CARTON.<br \/>\nDispersion aqueuse de polym\u00e8res synth\u00e9tiques qui assure une excellente imperm\u00e9abilisation, m\u00eame avec des quantit\u00e9s d&rsquo;application tr\u00e8s faibles.<\/p>\n<h4>CARACTERISTIQUES<\/h4>\n<p>Haute capacit\u00e9 de rev\u00eatement, excellent effet de barri\u00e8re contre la graisse, l&rsquo;huile et la vapeur, r\u00e9sistance au glissement, stabilit\u00e9 d&#8217;emploi et bonne r\u00e9sistance \u00e0 l&rsquo;eau dure.<br \/>\nM\u00e9lange des cires et copolym\u00e8res pour donner le meilleur performance d&rsquo;\u00e9tanch\u00e9it\u00e9 au carton en formant une barri\u00e8re hydrophobe et ol\u00e9ophobe en surface.<br \/>\nStable au cours du traitement, le transport, le stockage et l&rsquo;utilisation.<br \/>\nLe produit r\u00e9pond aux normes suivantes: Recommandation BfR XXXVI, FDA 21 CFR 175.105, 176.170, 176.180.<\/p>\n","protected":false},"excerpt":{"rendered":"<p>IMPERMEABILISANT POUR LE PAPIER ET LE CARTON. Dispersion aqueuse de<\/p>\n","protected":false},"featured_media":3357,"comment_status":"open","ping_status":"closed","template":"","meta":{"_acf_changed":false},"product_cat":[1670,677,602,1021,653],"product_tag":[],"acf":[],"_links":{"self":[{"href":"https:\/\/rayt.com\/fr\/wp-json\/wp\/v2\/product\/3580"}],"collection":[{"href":"https:\/\/rayt.com\/fr\/wp-json\/wp\/v2\/product"}],"about":[{"href":"https:\/\/rayt.com\/fr\/wp-json\/wp\/v2\/types\/product"}],"replies":[{"embeddable":true,"href":"https:\/\/rayt.com\/fr\/wp-json\/wp\/v2\/comments?post=3580"}],"wp:featuredmedia":[{"embeddable":true,"href":"https:\/\/rayt.com\/fr\/wp-json\/wp\/v2\/media\/3357"}],"wp:attachment":[{"href":"https:\/\/rayt.com\/fr\/wp-json\/wp\/v2\/media?parent=3580"}],"wp:term":[{"taxonomy":"product_cat","embeddable":true,"href":"https:\/\/rayt.com\/fr\/wp-json\/wp\/v2\/product_cat?post=3580"},{"taxonomy":"product_tag","embeddable":true,"href":"https:\/\/rayt.com\/fr\/wp-json\/wp\/v2\/product_tag?post=3580"}],"curies":[{"name":"wp","href":"https:\/\/api.w.org\/{rel}","templated":true}]}}