{"id":3585,"date":"2020-11-05T08:48:40","date_gmt":"2020-12-18T10:07:21","guid":{"rendered":"http:\/\/rayt.com\/?post_type=product&#038;p=3585"},"modified":"2021-02-18T11:22:32","modified_gmt":"2021-02-18T11:22:32","slug":"g-131-bo","status":"publish","type":"product","link":"https:\/\/rayt.com\/fr\/producto\/g-131-bo\/","title":{"rendered":"G-131-BO"},"content":{"rendered":"<p>COLLE \u00c0 BASE D&rsquo;AMIDON POUR FABRIQUER SACS, SACHETTES ET PAQUETS.<br \/>\nColle en p\u00e2te pour le fond de sacs et de sachets. Excellente performance dans les machines \u00e0 haute vitesse.<\/p>\n<h4>CARACTERISTIQUES<\/h4>\n<p>Utilisable sur la plupart des machines conventionnelles.<br \/>\nAppropri\u00e9 pour grande vitesse.<br \/>\nP\u00e2te de consistance \u00e9lev\u00e9e.<br \/>\nSans d&rsquo;\u00e9claboussures.<br \/>\nConforme FDA 175.105 pour contact alimentaire indirect.<\/p>\n","protected":false},"excerpt":{"rendered":"<p>COLLE \u00c0 BASE D&rsquo;AMIDON POUR FABRIQUER SACS, SACHETTES ET PAQUETS.<\/p>\n","protected":false},"featured_media":2979,"comment_status":"open","ping_status":"closed","template":"","meta":{"_acf_changed":false},"product_cat":[1669,662,674,602,653],"product_tag":[],"acf":[],"_links":{"self":[{"href":"https:\/\/rayt.com\/fr\/wp-json\/wp\/v2\/product\/3585"}],"collection":[{"href":"https:\/\/rayt.com\/fr\/wp-json\/wp\/v2\/product"}],"about":[{"href":"https:\/\/rayt.com\/fr\/wp-json\/wp\/v2\/types\/product"}],"replies":[{"embeddable":true,"href":"https:\/\/rayt.com\/fr\/wp-json\/wp\/v2\/comments?post=3585"}],"wp:featuredmedia":[{"embeddable":true,"href":"https:\/\/rayt.com\/fr\/wp-json\/wp\/v2\/media\/2979"}],"wp:attachment":[{"href":"https:\/\/rayt.com\/fr\/wp-json\/wp\/v2\/media?parent=3585"}],"wp:term":[{"taxonomy":"product_cat","embeddable":true,"href":"https:\/\/rayt.com\/fr\/wp-json\/wp\/v2\/product_cat?post=3585"},{"taxonomy":"product_tag","embeddable":true,"href":"https:\/\/rayt.com\/fr\/wp-json\/wp\/v2\/product_tag?post=3585"}],"curies":[{"name":"wp","href":"https:\/\/api.w.org\/{rel}","templated":true}]}}