{"id":3586,"date":"2020-10-28T11:08:05","date_gmt":"2020-12-18T10:13:50","guid":{"rendered":"http:\/\/rayt.com\/?post_type=product&#038;p=3586"},"modified":"2021-02-18T08:28:04","modified_gmt":"2021-02-18T08:28:04","slug":"ma-135-expres","status":"publish","type":"product","link":"https:\/\/rayt.com\/fr\/producto\/ma-135-expres\/","title":{"rendered":"MA-135 EXPRES"},"content":{"rendered":"<div id=\"description_block\">\n<div id=\"description_content\" class=\"rte align_justify\">\n<div id=\"description_block\">\n<div id=\"description_content\" class=\"rte align_justify\">\n<div id=\"description_block\">\n<div id=\"description_content\" class=\"rte align_justify\">\n<p>ADH\u00c9SIF D&rsquo;AC\u00c9TAT POLYVINYLE UNIVERSEL POUR LE BOIS. ASSEMBLAGE . STANDARD.<\/p>\n<\/div>\n<div id=\"description_content\" class=\"rte align_justify\">\n<p>Adh\u00e9sif en dispersion aqueuse pour une utilisation universelle dans des applications dans le bois et les meubles.<br \/>\nSp\u00e9cial pour l&rsquo;assemblage.<\/p>\n<\/div>\n<\/div>\n<h4>CARACTERISTIQUES<\/h4>\n<p>Appropri\u00e9 pour les bois durs et\/ou avec un haut contenu \u00e0 tanin (tandis que le contact avec des mat\u00e9riaux ferreux est \u00e9vit\u00e9).<br \/>\nAdh\u00e9sif de grande versatilit\u00e9, appropri\u00e9 pour multiples travaux.<br \/>\nEncollages tr\u00e8s r\u00e9sistants \u00e0 la traction et \u00e0 la chaleur.<br \/>\nTemps de s\u00e9chage rapide.<\/p>\n<\/div>\n<\/div>\n<\/div>\n<\/div>\n","protected":false},"excerpt":{"rendered":"<p>ADH\u00c9SIF D&rsquo;AC\u00c9TAT POLYVINYLE UNIVERSEL POUR LE BOIS. ASSEMBLAGE . STANDARD.<\/p>\n","protected":false},"featured_media":2988,"comment_status":"open","ping_status":"closed","template":"","meta":{"_acf_changed":false},"product_cat":[813,895,894,1655,1625,1616,1615,1593,1506,1496,1448,1494,900,877,602,888,885,937,909,882,870,819],"product_tag":[],"acf":[],"_links":{"self":[{"href":"https:\/\/rayt.com\/fr\/wp-json\/wp\/v2\/product\/3586"}],"collection":[{"href":"https:\/\/rayt.com\/fr\/wp-json\/wp\/v2\/product"}],"about":[{"href":"https:\/\/rayt.com\/fr\/wp-json\/wp\/v2\/types\/product"}],"replies":[{"embeddable":true,"href":"https:\/\/rayt.com\/fr\/wp-json\/wp\/v2\/comments?post=3586"}],"wp:featuredmedia":[{"embeddable":true,"href":"https:\/\/rayt.com\/fr\/wp-json\/wp\/v2\/media\/2988"}],"wp:attachment":[{"href":"https:\/\/rayt.com\/fr\/wp-json\/wp\/v2\/media?parent=3586"}],"wp:term":[{"taxonomy":"product_cat","embeddable":true,"href":"https:\/\/rayt.com\/fr\/wp-json\/wp\/v2\/product_cat?post=3586"},{"taxonomy":"product_tag","embeddable":true,"href":"https:\/\/rayt.com\/fr\/wp-json\/wp\/v2\/product_tag?post=3586"}],"curies":[{"name":"wp","href":"https:\/\/api.w.org\/{rel}","templated":true}]}}