{"id":3589,"date":"2020-11-05T08:23:42","date_gmt":"2020-12-18T10:18:23","guid":{"rendered":"http:\/\/rayt.com\/?post_type=product&#038;p=3589"},"modified":"2021-02-18T11:24:44","modified_gmt":"2021-02-18T11:24:44","slug":"g-134-bo-sd","status":"publish","type":"product","link":"https:\/\/rayt.com\/fr\/producto\/g-134-bo-sd\/","title":{"rendered":"G-134-BO SD"},"content":{"rendered":"<p>ADH\u00c9SIF AQUEUSE EN DISPERSION POUR LA FABRICATION DE SACS, PAQUETS ET SACHETTES. PAPIERS DIFFICILE.<br \/>\nAdh\u00e9sif qui convient particuli\u00e8rement pour la fabrication de sachettes SAS avec des mat\u00e9riaux tels que des papiers plastifi\u00e9s ou vernis.<\/p>\n<h4>CARACTERISTIQUES<\/h4>\n<p>Bonne adh\u00e9rence sur la plupart de vernis.<br \/>\nApplication par disque ou par rouleau.<br \/>\nS\u00e9chage rapide.<br \/>\nConforme FDA 175.105 pour contact alimentaire indirect.<\/p>\n","protected":false},"excerpt":{"rendered":"<p>ADH\u00c9SIF AQUEUSE EN DISPERSION POUR LA FABRICATION DE SACS, PAQUETS<\/p>\n","protected":false},"featured_media":2979,"comment_status":"open","ping_status":"closed","template":"","meta":{"_acf_changed":false},"product_cat":[1605,1669,665,662,674,602,653],"product_tag":[],"acf":[],"_links":{"self":[{"href":"https:\/\/rayt.com\/fr\/wp-json\/wp\/v2\/product\/3589"}],"collection":[{"href":"https:\/\/rayt.com\/fr\/wp-json\/wp\/v2\/product"}],"about":[{"href":"https:\/\/rayt.com\/fr\/wp-json\/wp\/v2\/types\/product"}],"replies":[{"embeddable":true,"href":"https:\/\/rayt.com\/fr\/wp-json\/wp\/v2\/comments?post=3589"}],"wp:featuredmedia":[{"embeddable":true,"href":"https:\/\/rayt.com\/fr\/wp-json\/wp\/v2\/media\/2979"}],"wp:attachment":[{"href":"https:\/\/rayt.com\/fr\/wp-json\/wp\/v2\/media?parent=3589"}],"wp:term":[{"taxonomy":"product_cat","embeddable":true,"href":"https:\/\/rayt.com\/fr\/wp-json\/wp\/v2\/product_cat?post=3589"},{"taxonomy":"product_tag","embeddable":true,"href":"https:\/\/rayt.com\/fr\/wp-json\/wp\/v2\/product_tag?post=3589"}],"curies":[{"name":"wp","href":"https:\/\/api.w.org\/{rel}","templated":true}]}}