{"id":3596,"date":"2020-10-28T11:02:17","date_gmt":"2020-12-18T10:49:28","guid":{"rendered":"http:\/\/rayt.com\/?post_type=product&#038;p=3596"},"modified":"2021-02-15T08:44:19","modified_gmt":"2021-02-15T08:44:19","slug":"ma-1301-n","status":"publish","type":"product","link":"https:\/\/rayt.com\/fr\/producto\/ma-1301-n\/","title":{"rendered":"MA-1301-N"},"content":{"rendered":"<p>COLLE POUR LE BOIS EN APPLICATIONS PAR INJECTEUR.<br \/>\nDispersion aqueuse pour une utilisation universelle dans les applications du bois et de l&rsquo;ameublement, lorsque l&rsquo;application est faite par injecteur.<\/p>\n<h4>CARACTERISTIQUES<\/h4>\n<p>Forte adh\u00e9rence sur mouill\u00e9, grande p\u00e9n\u00e9tration dans de bois et s\u00e9chage rapide.<br \/>\nExcellente r\u00e9sistance \u00e0 la chaleur et \u00e0 la force.<br \/>\nCollage rapide du bois massif et placage.<br \/>\nApplicable \u00e0 injecteurs.<\/p>\n","protected":false},"excerpt":{"rendered":"<p>COLLE POUR LE BOIS EN APPLICATIONS PAR INJECTEUR. Dispersion aqueuse<\/p>\n","protected":false},"featured_media":2988,"comment_status":"open","ping_status":"closed","template":"","meta":{"_acf_changed":false},"product_cat":[813,1448,602,937,819],"product_tag":[],"acf":[],"_links":{"self":[{"href":"https:\/\/rayt.com\/fr\/wp-json\/wp\/v2\/product\/3596"}],"collection":[{"href":"https:\/\/rayt.com\/fr\/wp-json\/wp\/v2\/product"}],"about":[{"href":"https:\/\/rayt.com\/fr\/wp-json\/wp\/v2\/types\/product"}],"replies":[{"embeddable":true,"href":"https:\/\/rayt.com\/fr\/wp-json\/wp\/v2\/comments?post=3596"}],"wp:featuredmedia":[{"embeddable":true,"href":"https:\/\/rayt.com\/fr\/wp-json\/wp\/v2\/media\/2988"}],"wp:attachment":[{"href":"https:\/\/rayt.com\/fr\/wp-json\/wp\/v2\/media?parent=3596"}],"wp:term":[{"taxonomy":"product_cat","embeddable":true,"href":"https:\/\/rayt.com\/fr\/wp-json\/wp\/v2\/product_cat?post=3596"},{"taxonomy":"product_tag","embeddable":true,"href":"https:\/\/rayt.com\/fr\/wp-json\/wp\/v2\/product_tag?post=3596"}],"curies":[{"name":"wp","href":"https:\/\/api.w.org\/{rel}","templated":true}]}}