{"id":3599,"date":"2020-10-28T11:04:37","date_gmt":"2020-12-18T10:58:26","guid":{"rendered":"http:\/\/rayt.com\/?post_type=product&#038;p=3599"},"modified":"2021-02-15T08:45:18","modified_gmt":"2021-02-15T08:45:18","slug":"ma-135","status":"publish","type":"product","link":"https:\/\/rayt.com\/fr\/producto\/ma-135\/","title":{"rendered":"MA-135"},"content":{"rendered":"<p>ADH\u00c9SIF D&rsquo;AC\u00c9TAT POLYVINYLE UNIVERSEL POUR LE BOIS. STANDARD.<br \/>\nAdh\u00e9sif en dispersion aqueuse pour une utilisation universelle dans des applications dans le bois et les meubles.<\/p>\n<h4>CARACTERISTIQUES<\/h4>\n<p>Adh\u00e9sif de moyennes prestations, appropri\u00e9 pour plusieurs travaux dans la menuiserie.<br \/>\nEncollages tr\u00e8s r\u00e9sistants \u00e0 la traction et \u00e0 la chaleur.<br \/>\nApplicable par collage rouleau, brosse, etc.<br \/>\nTemps de s\u00e9chage \u00e0 grande vitesse.<\/p>\n","protected":false},"excerpt":{"rendered":"<p>ADH\u00c9SIF D&rsquo;AC\u00c9TAT POLYVINYLE UNIVERSEL POUR LE BOIS. STANDARD. Adh\u00e9sif en<\/p>\n","protected":false},"featured_media":3593,"comment_status":"open","ping_status":"closed","template":"","meta":{"_acf_changed":false},"product_cat":[813,1448,602,937,819],"product_tag":[],"acf":[],"_links":{"self":[{"href":"https:\/\/rayt.com\/fr\/wp-json\/wp\/v2\/product\/3599"}],"collection":[{"href":"https:\/\/rayt.com\/fr\/wp-json\/wp\/v2\/product"}],"about":[{"href":"https:\/\/rayt.com\/fr\/wp-json\/wp\/v2\/types\/product"}],"replies":[{"embeddable":true,"href":"https:\/\/rayt.com\/fr\/wp-json\/wp\/v2\/comments?post=3599"}],"wp:featuredmedia":[{"embeddable":true,"href":"https:\/\/rayt.com\/fr\/wp-json\/wp\/v2\/media\/3593"}],"wp:attachment":[{"href":"https:\/\/rayt.com\/fr\/wp-json\/wp\/v2\/media?parent=3599"}],"wp:term":[{"taxonomy":"product_cat","embeddable":true,"href":"https:\/\/rayt.com\/fr\/wp-json\/wp\/v2\/product_cat?post=3599"},{"taxonomy":"product_tag","embeddable":true,"href":"https:\/\/rayt.com\/fr\/wp-json\/wp\/v2\/product_tag?post=3599"}],"curies":[{"name":"wp","href":"https:\/\/api.w.org\/{rel}","templated":true}]}}