{"id":3603,"date":"2020-12-18T11:08:10","date_gmt":"2020-12-18T11:15:18","guid":{"rendered":"http:\/\/rayt.com\/?post_type=product&#038;p=3603"},"modified":"2021-02-25T08:55:25","modified_gmt":"2021-02-25T08:55:25","slug":"novopren-pu-503-rapido-2","status":"publish","type":"product","link":"https:\/\/rayt.com\/fr\/producto\/novopren-pu-503-rapido-2\/","title":{"rendered":"Novopren PU-503 Rapido"},"content":{"rendered":"<p>ADH\u00c9SIF DE POLYUR\u00c9THANE MONOCOMPOSANT POUR COLLER SUR DIFF\u00c9RENTS SUPPORTS.<br \/>\nAdh\u00e9sif thixotrope translucide format de cartouche pour l&rsquo;encollage r\u00e9sistant \u00e0 l&rsquo;eau de bois sec et humide (maximum 30%), de b\u00e9ton, de mousse PU, de laine de roche, de m\u00e9tal et de mat\u00e9riel poreux. Satisfait standard D4 (EN204\/205).<\/p>\n<h4>CARACTERISTIQUES<\/h4>\n<p>Adh\u00e9sif polyur\u00e9thane monocomposant.<br \/>\nHaute r\u00e9sistance \u00e0 l&rsquo;humidit\u00e9 (D4 selon la norme EN-204).<br \/>\nAppropri\u00e9 par int\u00e9rieur et ext\u00e9rieur.<br \/>\nAppropri\u00e9 pour les bois humides ou secs, le b\u00e9ton, le m\u00e9tal, ou les mousses PU ou PS, la laine de verre ou de roche, etc.<\/p>\n","protected":false},"excerpt":{"rendered":"<p>ADH\u00c9SIF DE POLYUR\u00c9THANE MONOCOMPOSANT POUR COLLER SUR DIFF\u00c9RENTS SUPPORTS. Adh\u00e9sif<\/p>\n","protected":false},"featured_media":5555,"comment_status":"open","ping_status":"closed","template":"","meta":{"_acf_changed":false},"product_cat":[1458,816,602,937,819],"product_tag":[],"acf":[],"_links":{"self":[{"href":"https:\/\/rayt.com\/fr\/wp-json\/wp\/v2\/product\/3603"}],"collection":[{"href":"https:\/\/rayt.com\/fr\/wp-json\/wp\/v2\/product"}],"about":[{"href":"https:\/\/rayt.com\/fr\/wp-json\/wp\/v2\/types\/product"}],"replies":[{"embeddable":true,"href":"https:\/\/rayt.com\/fr\/wp-json\/wp\/v2\/comments?post=3603"}],"wp:featuredmedia":[{"embeddable":true,"href":"https:\/\/rayt.com\/fr\/wp-json\/wp\/v2\/media\/5555"}],"wp:attachment":[{"href":"https:\/\/rayt.com\/fr\/wp-json\/wp\/v2\/media?parent=3603"}],"wp:term":[{"taxonomy":"product_cat","embeddable":true,"href":"https:\/\/rayt.com\/fr\/wp-json\/wp\/v2\/product_cat?post=3603"},{"taxonomy":"product_tag","embeddable":true,"href":"https:\/\/rayt.com\/fr\/wp-json\/wp\/v2\/product_tag?post=3603"}],"curies":[{"name":"wp","href":"https:\/\/api.w.org\/{rel}","templated":true}]}}