{"id":3606,"date":"2020-10-29T08:44:58","date_gmt":"2020-12-18T11:20:26","guid":{"rendered":"http:\/\/rayt.com\/?post_type=product&#038;p=3606"},"modified":"2021-02-17T11:10:16","modified_gmt":"2021-02-17T11:10:16","slug":"novopren-super-industria","status":"publish","type":"product","link":"https:\/\/rayt.com\/fr\/producto\/novopren-super-industria\/","title":{"rendered":"Novopren super (Industria)"},"content":{"rendered":"<div id=\"description_block\">\n<div id=\"description_content\" class=\"rte align_justify\">\n<div id=\"description_block\">\n<div id=\"description_content\" class=\"rte align_justify\">\n<div id=\"description_block\">\n<div id=\"description_content\" class=\"rte align_justify\">\n<p>ADH\u00c9SIF DE CAOUTCHOUC SYNTHETIQUE POUR ENCOLLAGES PAR CONTACT APR\u00c8S APPLICATION AUX DEUX C\u00d4T\u00c9S.<\/p>\n<\/div>\n<div id=\"description_content\" class=\"rte align_justify\">\n<p>Colle de contact en base de polychloropr\u00e8ne et de solvants pour le rev\u00eatement \u00e0 plat, l&rsquo;encollage de caoutchouc, de m\u00e9lamine, de bois et d&rsquo;autres mat\u00e9riaux. Application aux deux c\u00f4t\u00e9s.<\/p>\n<\/div>\n<\/div>\n<h4>CARACTERISTIQUES<\/h4>\n<p>Bonne r\u00e9sistance \u00e0 la chaleur, peut \u00eatre am\u00e9lior\u00e9e par l&rsquo;addition de catalyseur.<br \/>\nAdh\u00e9sif de premier choix pour r\u00e9soudre les probl\u00e8mes de collage<br \/>\nExcellente adh\u00e9sion sur une grande vari\u00e9t\u00e9 de mat\u00e9riaux.<br \/>\nApplication avec spatule crant\u00e9e, pinceau ou rouleau.<br \/>\nExcellentes propri\u00e9t\u00e9s de r\u00e9sistance finale.<br \/>\nTemps ouvert long.<\/p>\n<\/div>\n<\/div>\n<\/div>\n<\/div>\n","protected":false},"excerpt":{"rendered":"<p>ADH\u00c9SIF DE CAOUTCHOUC SYNTHETIQUE POUR ENCOLLAGES PAR CONTACT APR\u00c8S APPLICATION<\/p>\n","protected":false},"featured_media":3314,"comment_status":"open","ping_status":"closed","template":"","meta":{"_acf_changed":false},"product_cat":[858,857,1573,1548,1536,1518,1516,1490,871,602,885,937,912,882,918,864,870],"product_tag":[],"acf":[],"_links":{"self":[{"href":"https:\/\/rayt.com\/fr\/wp-json\/wp\/v2\/product\/3606"}],"collection":[{"href":"https:\/\/rayt.com\/fr\/wp-json\/wp\/v2\/product"}],"about":[{"href":"https:\/\/rayt.com\/fr\/wp-json\/wp\/v2\/types\/product"}],"replies":[{"embeddable":true,"href":"https:\/\/rayt.com\/fr\/wp-json\/wp\/v2\/comments?post=3606"}],"wp:featuredmedia":[{"embeddable":true,"href":"https:\/\/rayt.com\/fr\/wp-json\/wp\/v2\/media\/3314"}],"wp:attachment":[{"href":"https:\/\/rayt.com\/fr\/wp-json\/wp\/v2\/media?parent=3606"}],"wp:term":[{"taxonomy":"product_cat","embeddable":true,"href":"https:\/\/rayt.com\/fr\/wp-json\/wp\/v2\/product_cat?post=3606"},{"taxonomy":"product_tag","embeddable":true,"href":"https:\/\/rayt.com\/fr\/wp-json\/wp\/v2\/product_tag?post=3606"}],"curies":[{"name":"wp","href":"https:\/\/api.w.org\/{rel}","templated":true}]}}