{"id":3611,"date":"2020-11-02T09:20:25","date_gmt":"2020-12-18T11:30:49","guid":{"rendered":"http:\/\/rayt.com\/?post_type=product&#038;p=3611"},"modified":"2021-02-15T11:30:40","modified_gmt":"2021-02-15T11:30:40","slug":"ma-135-pc","status":"publish","type":"product","link":"https:\/\/rayt.com\/fr\/producto\/ma-135-pc\/","title":{"rendered":"MA-135 PC"},"content":{"rendered":"<p>ADH\u00c9SIF D&rsquo;ACETATE POLYVINYLE POUR APPLICATIONS AVEC PRESS\u00c9 \u00c0 CHAUD.<br \/>\nColle en dispersion aqueuse pour la lamination \u00e0 chaud de plaques en bois, stratifi\u00e9 plastique et pour le postforming.<\/p>\n<h4>CARACTERISTIQUES<\/h4>\n<p>Lamination de placage (m\u00e9lamine ou bois) agglom\u00e9r\u00e9 ou MDF dans de presse \u00e0 chaud (plat ou membrane).<br \/>\nNe pas utiliser dans la presse froide en dessous de 15-20 \u00ba C (point blanc).<br \/>\nTemps de s\u00e9chage \u00e0 tr\u00e8s grande vitesse avec chaude.<br \/>\nApplicable par collage rouleau, brosse, etc.<\/p>\n","protected":false},"excerpt":{"rendered":"<p>ADH\u00c9SIF D&rsquo;ACETATE POLYVINYLE POUR APPLICATIONS AVEC PRESS\u00c9 \u00c0 CHAUD. Colle<\/p>\n","protected":false},"featured_media":2988,"comment_status":"open","ping_status":"closed","template":"","meta":{"_acf_changed":false},"product_cat":[1494,1500,1506,876,602,885,937,882,870],"product_tag":[],"acf":[],"_links":{"self":[{"href":"https:\/\/rayt.com\/fr\/wp-json\/wp\/v2\/product\/3611"}],"collection":[{"href":"https:\/\/rayt.com\/fr\/wp-json\/wp\/v2\/product"}],"about":[{"href":"https:\/\/rayt.com\/fr\/wp-json\/wp\/v2\/types\/product"}],"replies":[{"embeddable":true,"href":"https:\/\/rayt.com\/fr\/wp-json\/wp\/v2\/comments?post=3611"}],"wp:featuredmedia":[{"embeddable":true,"href":"https:\/\/rayt.com\/fr\/wp-json\/wp\/v2\/media\/2988"}],"wp:attachment":[{"href":"https:\/\/rayt.com\/fr\/wp-json\/wp\/v2\/media?parent=3611"}],"wp:term":[{"taxonomy":"product_cat","embeddable":true,"href":"https:\/\/rayt.com\/fr\/wp-json\/wp\/v2\/product_cat?post=3611"},{"taxonomy":"product_tag","embeddable":true,"href":"https:\/\/rayt.com\/fr\/wp-json\/wp\/v2\/product_tag?post=3611"}],"curies":[{"name":"wp","href":"https:\/\/api.w.org\/{rel}","templated":true}]}}