{"id":3614,"date":"2020-10-29T08:40:01","date_gmt":"2020-12-18T11:39:01","guid":{"rendered":"http:\/\/rayt.com\/?post_type=product&#038;p=3614"},"modified":"2021-02-17T11:11:58","modified_gmt":"2021-02-17T11:11:58","slug":"ma-1470-pu","status":"publish","type":"product","link":"https:\/\/rayt.com\/fr\/producto\/ma-1470-pu\/","title":{"rendered":"MA-1470-PU"},"content":{"rendered":"<div id=\"description_block\">\n<div id=\"description_content\" class=\"rte align_justify\">\n<div id=\"description_block\">\n<div id=\"description_content\" class=\"rte align_justify\">\n<div id=\"description_block\">\n<div id=\"description_content\" class=\"rte align_justify\">\n<div id=\"description_block\">\n<div id=\"description_content\" class=\"rte align_justify\">\n<p>COLA SPECIAL POUR ENCOLLER SUR LES SURFACES VERNIS.<\/p>\n<\/div>\n<div id=\"description_content\" class=\"rte align_justify\">\n<p>Adh\u00e9sif en base de r\u00e9sine sp\u00e9ciale pour l&rsquo;encollage de les surfaces non-poreuses (vernis, m\u00e9lamine, papier &#8230;) sur les surfaces poreuses dans la fabrication de meubles, de portes et le travail du bois en g\u00e9n\u00e9ral.<\/p>\n<\/div>\n<\/div>\n<h4>CARACTERISTIQUES<\/h4>\n<p>R\u00e9sistance moyenne \u00e0 la chaleur et \u00e0 la traction qui peut \u00eatre augment\u00e9 avec un durcisseur.<br \/>\nExcellente adh\u00e9rence au vernissage..<br \/>\nApplication avec rouleau ou manuel.<\/p>\n<\/div>\n<\/div>\n<\/div>\n<\/div>\n<\/div>\n<\/div>\n","protected":false},"excerpt":{"rendered":"<p>COLA SPECIAL POUR ENCOLLER SUR LES SURFACES VERNIS. Adh\u00e9sif en<\/p>\n","protected":false},"featured_media":2988,"comment_status":"open","ping_status":"closed","template":"","meta":{"_acf_changed":false},"product_cat":[858,857,1545,602,937],"product_tag":[],"acf":[],"_links":{"self":[{"href":"https:\/\/rayt.com\/fr\/wp-json\/wp\/v2\/product\/3614"}],"collection":[{"href":"https:\/\/rayt.com\/fr\/wp-json\/wp\/v2\/product"}],"about":[{"href":"https:\/\/rayt.com\/fr\/wp-json\/wp\/v2\/types\/product"}],"replies":[{"embeddable":true,"href":"https:\/\/rayt.com\/fr\/wp-json\/wp\/v2\/comments?post=3614"}],"wp:featuredmedia":[{"embeddable":true,"href":"https:\/\/rayt.com\/fr\/wp-json\/wp\/v2\/media\/2988"}],"wp:attachment":[{"href":"https:\/\/rayt.com\/fr\/wp-json\/wp\/v2\/media?parent=3614"}],"wp:term":[{"taxonomy":"product_cat","embeddable":true,"href":"https:\/\/rayt.com\/fr\/wp-json\/wp\/v2\/product_cat?post=3614"},{"taxonomy":"product_tag","embeddable":true,"href":"https:\/\/rayt.com\/fr\/wp-json\/wp\/v2\/product_tag?post=3614"}],"curies":[{"name":"wp","href":"https:\/\/api.w.org\/{rel}","templated":true}]}}