{"id":3616,"date":"2020-11-02T09:24:40","date_gmt":"2020-12-18T11:41:27","guid":{"rendered":"http:\/\/rayt.com\/?post_type=product&#038;p=3616"},"modified":"2021-02-17T09:51:20","modified_gmt":"2021-02-17T09:51:20","slug":"novopren-ma-261","status":"publish","type":"product","link":"https:\/\/rayt.com\/fr\/producto\/novopren-ma-261\/","title":{"rendered":"NOVOPREN MA-261"},"content":{"rendered":"<p>ADH\u00c9SIF DE BAISSE VISCOSIT\u00c9 \u00c0 BASE DE CAOUTCHOUC SYNTHETIQUE POUR APPLICATION \u00c0 PISTOLET. STANDARD.<br \/>\nColle de contact en base de polychloropr\u00e8ne et solvants pour le rev\u00eatement \u00e0 plat, collage du caoutchouc, de m\u00e9lamine, du bois et d&rsquo;autres mat\u00e9riaux. Application \u00e0 double face par pistolet \u00e0 air comprim\u00e9.<\/p>\n<h4>CARACTERISTIQUES<\/h4>\n<p>Bonne r\u00e9sistance \u00e0 la chaleur, qui peut \u00eatre am\u00e9lior\u00e9e par l&rsquo;addition d&rsquo;un catalyseur.<br \/>\nBonne adh\u00e9rence sur la majorit\u00e9 des mat\u00e9riaux.<br \/>\nTemps ouvert moyen-curt.<br \/>\nApplicable par spray.<\/p>\n","protected":false},"excerpt":{"rendered":"<p>ADH\u00c9SIF DE BAISSE VISCOSIT\u00c9 \u00c0 BASE DE CAOUTCHOUC SYNTHETIQUE POUR<\/p>\n","protected":false},"featured_media":3314,"comment_status":"open","ping_status":"closed","template":"","meta":{"_acf_changed":false},"product_cat":[1518,1525,1536,1575,602,885,937,867,864,919,870],"product_tag":[],"acf":[],"_links":{"self":[{"href":"https:\/\/rayt.com\/fr\/wp-json\/wp\/v2\/product\/3616"}],"collection":[{"href":"https:\/\/rayt.com\/fr\/wp-json\/wp\/v2\/product"}],"about":[{"href":"https:\/\/rayt.com\/fr\/wp-json\/wp\/v2\/types\/product"}],"replies":[{"embeddable":true,"href":"https:\/\/rayt.com\/fr\/wp-json\/wp\/v2\/comments?post=3616"}],"wp:featuredmedia":[{"embeddable":true,"href":"https:\/\/rayt.com\/fr\/wp-json\/wp\/v2\/media\/3314"}],"wp:attachment":[{"href":"https:\/\/rayt.com\/fr\/wp-json\/wp\/v2\/media?parent=3616"}],"wp:term":[{"taxonomy":"product_cat","embeddable":true,"href":"https:\/\/rayt.com\/fr\/wp-json\/wp\/v2\/product_cat?post=3616"},{"taxonomy":"product_tag","embeddable":true,"href":"https:\/\/rayt.com\/fr\/wp-json\/wp\/v2\/product_tag?post=3616"}],"curies":[{"name":"wp","href":"https:\/\/api.w.org\/{rel}","templated":true}]}}