{"id":3628,"date":"2020-10-28T11:51:42","date_gmt":"2020-12-18T12:02:26","guid":{"rendered":"http:\/\/rayt.com\/?post_type=product&#038;p=3628"},"modified":"2021-02-17T10:58:42","modified_gmt":"2021-02-17T10:58:42","slug":"ma-1412-av-amarilla","status":"publish","type":"product","link":"https:\/\/rayt.com\/fr\/producto\/ma-1412-av-amarilla\/","title":{"rendered":"MA-1412 AV AMARILLA"},"content":{"rendered":"<div id=\"description_block\">\n<div id=\"description_content\" class=\"rte align_justify\">\n<div id=\"description_block\">\n<div id=\"description_content\" class=\"rte align_justify\">\n<div id=\"description_block\">\n<div id=\"description_content\" class=\"rte align_justify\">\n<p>ADH\u00c9SIF D&rsquo;AC\u00c9TAT POLYVINYLE UNIVERSEL POUR LE BOIS. ASSEMBLAGE. HAUTE SOUPLESSE.<\/p>\n<\/div>\n<div id=\"description_content\" class=\"rte align_justify\">\n<p>Adh\u00e9sif flexible de haute qualit\u00e9 pour assemblage.<br \/>\nSp\u00e9cial pour le bois massif, les panneaux latt\u00e9s, l&rsquo;aboutage, la fabrication de chaises et toutes sortes de travaux de menuiserie.<br \/>\nJaune.<\/p>\n<\/div>\n<\/div>\n<h4>CARACTERISTIQUES<\/h4>\n<p>Adh\u00e9sif adapt\u00e9 \u00e0 tous ceux travaux d&rsquo;assemblage en s\u00e9rie qui n\u00e9cessitent une colle forte et \u00e9lastique, avec de minimum temps de presse.<br \/>\nApplicable par collage rouleau, brosse, etc.<br \/>\nTemps de s\u00e9chage \u00e0 grande vitesse.<br \/>\nPigment\u00e9 en jaune.<br \/>\nBonne flexibilit\u00e9.<\/p>\n<\/div>\n<\/div>\n<\/div>\n<\/div>\n","protected":false},"excerpt":{"rendered":"<p>ADH\u00c9SIF D&rsquo;AC\u00c9TAT POLYVINYLE UNIVERSEL POUR LE BOIS. ASSEMBLAGE. HAUTE SOUPLESSE.<\/p>\n","protected":false},"featured_media":2988,"comment_status":"open","ping_status":"closed","template":"","meta":{"_acf_changed":false},"product_cat":[858,855,1372,602,937],"product_tag":[],"acf":[],"_links":{"self":[{"href":"https:\/\/rayt.com\/fr\/wp-json\/wp\/v2\/product\/3628"}],"collection":[{"href":"https:\/\/rayt.com\/fr\/wp-json\/wp\/v2\/product"}],"about":[{"href":"https:\/\/rayt.com\/fr\/wp-json\/wp\/v2\/types\/product"}],"replies":[{"embeddable":true,"href":"https:\/\/rayt.com\/fr\/wp-json\/wp\/v2\/comments?post=3628"}],"wp:featuredmedia":[{"embeddable":true,"href":"https:\/\/rayt.com\/fr\/wp-json\/wp\/v2\/media\/2988"}],"wp:attachment":[{"href":"https:\/\/rayt.com\/fr\/wp-json\/wp\/v2\/media?parent=3628"}],"wp:term":[{"taxonomy":"product_cat","embeddable":true,"href":"https:\/\/rayt.com\/fr\/wp-json\/wp\/v2\/product_cat?post=3628"},{"taxonomy":"product_tag","embeddable":true,"href":"https:\/\/rayt.com\/fr\/wp-json\/wp\/v2\/product_tag?post=3628"}],"curies":[{"name":"wp","href":"https:\/\/api.w.org\/{rel}","templated":true}]}}