{"id":3630,"date":"2020-11-02T10:08:41","date_gmt":"2020-12-18T12:06:00","guid":{"rendered":"http:\/\/rayt.com\/?post_type=product&#038;p=3630"},"modified":"2021-02-18T08:14:23","modified_gmt":"2021-02-18T08:14:23","slug":"endurecedor-05-liquido","status":"publish","type":"product","link":"https:\/\/rayt.com\/fr\/producto\/endurecedor-05-liquido\/","title":{"rendered":"Endurecedor 05 Liquido"},"content":{"rendered":"<p>DURCISSEUR POUR COLLES FORMOPOL.<br \/>\nDurcisseur liquide, pour \u00eatre utilis\u00e9 s\u00e9par\u00e9ment dans des applications de lamination ou assemblage.<\/p>\n<h4>CARACTERISTIQUES<\/h4>\n<p>Application \u00ab\u00a0s\u00e9par\u00e9ment\u00a0\u00bb. Le durcisseur s&rsquo;applique \u00e0 une face et l&rsquo;adh\u00e9sif \u00e0 l&rsquo;autre.<br \/>\nUtile pour une p\u00e9riode ind\u00e9termin\u00e9e apr\u00e8s l&rsquo;application.<br \/>\nDurcisseur liquide pour r\u00e9sines d&rsquo;ur\u00e9e-formald\u00e9hyde.<br \/>\nApplication manuel ou \u00e0 rouleau.<\/p>\n","protected":false},"excerpt":{"rendered":"<p>DURCISSEUR POUR COLLES FORMOPOL. Durcisseur liquide, pour \u00eatre utilis\u00e9 s\u00e9par\u00e9ment<\/p>\n","protected":false},"featured_media":3626,"comment_status":"open","ping_status":"closed","template":"","meta":{"_acf_changed":false},"product_cat":[1480,1599,1609,1638,900,876,602,885,937,906,903,909],"product_tag":[],"acf":[],"_links":{"self":[{"href":"https:\/\/rayt.com\/fr\/wp-json\/wp\/v2\/product\/3630"}],"collection":[{"href":"https:\/\/rayt.com\/fr\/wp-json\/wp\/v2\/product"}],"about":[{"href":"https:\/\/rayt.com\/fr\/wp-json\/wp\/v2\/types\/product"}],"replies":[{"embeddable":true,"href":"https:\/\/rayt.com\/fr\/wp-json\/wp\/v2\/comments?post=3630"}],"wp:featuredmedia":[{"embeddable":true,"href":"https:\/\/rayt.com\/fr\/wp-json\/wp\/v2\/media\/3626"}],"wp:attachment":[{"href":"https:\/\/rayt.com\/fr\/wp-json\/wp\/v2\/media?parent=3630"}],"wp:term":[{"taxonomy":"product_cat","embeddable":true,"href":"https:\/\/rayt.com\/fr\/wp-json\/wp\/v2\/product_cat?post=3630"},{"taxonomy":"product_tag","embeddable":true,"href":"https:\/\/rayt.com\/fr\/wp-json\/wp\/v2\/product_tag?post=3630"}],"curies":[{"name":"wp","href":"https:\/\/api.w.org\/{rel}","templated":true}]}}