{"id":3634,"date":"2020-11-02T10:09:22","date_gmt":"2020-12-18T12:14:06","guid":{"rendered":"http:\/\/rayt.com\/?post_type=product&#038;p=3634"},"modified":"2021-02-18T08:20:21","modified_gmt":"2021-02-18T08:20:21","slug":"formopol-234","status":"publish","type":"product","link":"https:\/\/rayt.com\/fr\/producto\/formopol-234\/","title":{"rendered":"FORMOPOL 234"},"content":{"rendered":"<p>COLLE UR\u00c9E-FORMALD\u00c9HYDE EN POUDRE POUR LE BOIS. PURE.<br \/>\nPoudre de r\u00e9sine pure sans durcisseur ou charges pour des applications sp\u00e9ciales dans l&rsquo;industrie du meuble et du bois.<\/p>\n<h4>CARACTERISTIQUES<\/h4>\n<p>Peut \u00eatre dissous dans de l&rsquo;eau, 100 parties de produit + 50-60 parties de l&rsquo;eau.<br \/>\nUr\u00e9e-formald\u00e9hyde pure en poudre sans charges ni des catalyseurs.<br \/>\nAppropri\u00e9 \u00e0 \u00eatre formul\u00e9 par le client sous leur responsabilit\u00e9.<br \/>\nPeut \u00eatre utilis\u00e9 par le m\u00e9thode \u00ab\u00a0durcisseur s\u00e9par\u00e9ment\u00a0\u00bb<\/p>\n","protected":false},"excerpt":{"rendered":"<p>COLLE UR\u00c9E-FORMALD\u00c9HYDE EN POUDRE POUR LE BOIS. PURE. Poudre de<\/p>\n","protected":false},"featured_media":3527,"comment_status":"open","ping_status":"closed","template":"","meta":{"_acf_changed":false},"product_cat":[1480,1599,1609,1638,900,876,602,885,937,906,903,909],"product_tag":[],"acf":[],"_links":{"self":[{"href":"https:\/\/rayt.com\/fr\/wp-json\/wp\/v2\/product\/3634"}],"collection":[{"href":"https:\/\/rayt.com\/fr\/wp-json\/wp\/v2\/product"}],"about":[{"href":"https:\/\/rayt.com\/fr\/wp-json\/wp\/v2\/types\/product"}],"replies":[{"embeddable":true,"href":"https:\/\/rayt.com\/fr\/wp-json\/wp\/v2\/comments?post=3634"}],"wp:featuredmedia":[{"embeddable":true,"href":"https:\/\/rayt.com\/fr\/wp-json\/wp\/v2\/media\/3527"}],"wp:attachment":[{"href":"https:\/\/rayt.com\/fr\/wp-json\/wp\/v2\/media?parent=3634"}],"wp:term":[{"taxonomy":"product_cat","embeddable":true,"href":"https:\/\/rayt.com\/fr\/wp-json\/wp\/v2\/product_cat?post=3634"},{"taxonomy":"product_tag","embeddable":true,"href":"https:\/\/rayt.com\/fr\/wp-json\/wp\/v2\/product_tag?post=3634"}],"curies":[{"name":"wp","href":"https:\/\/api.w.org\/{rel}","templated":true}]}}