{"id":3639,"date":"2020-11-02T10:11:27","date_gmt":"2020-12-18T12:23:48","guid":{"rendered":"http:\/\/rayt.com\/?post_type=product&#038;p=3639"},"modified":"2021-02-15T10:35:42","modified_gmt":"2021-02-15T10:35:42","slug":"formopol-250","status":"publish","type":"product","link":"https:\/\/rayt.com\/fr\/producto\/formopol-250\/","title":{"rendered":"FORMOPOL 250"},"content":{"rendered":"<p>COLLE UR\u00c9E-FORMALD\u00c9HYDE EN POUDRE POUR LE BOIS. BAS NIVEAU DE FORMALD\u00c9HYDE.<br \/>\nColle en poudre pr\u00eat \u00e0 l&#8217;emploi pour une utilisation avec presses chauff\u00e9es par des moyens classiques ou par haute fr\u00e9quence.<\/p>\n<h4>CARACTERISTIQUES<\/h4>\n<p>Est dissous dans de l&rsquo;eau, 100 parties de produit + 50-60 parties de l&rsquo;eau.<br \/>\nDoit \u00eatre utilis\u00e9 dans une presse \u00e0 chaud.<br \/>\nEncollage final d&rsquo;excellente qualit\u00e9.<br \/>\nPoudre ur\u00e9e-formald\u00e9hyde pr\u00e9par\u00e9.<br \/>\nFaible teneur en formald\u00e9hyde.<\/p>\n","protected":false},"excerpt":{"rendered":"<p>COLLE UR\u00c9E-FORMALD\u00c9HYDE EN POUDRE POUR LE BOIS. BAS NIVEAU DE<\/p>\n","protected":false},"featured_media":3527,"comment_status":"open","ping_status":"closed","template":"","meta":{"_acf_changed":false},"product_cat":[1480,876,602,885,937],"product_tag":[],"acf":[],"_links":{"self":[{"href":"https:\/\/rayt.com\/fr\/wp-json\/wp\/v2\/product\/3639"}],"collection":[{"href":"https:\/\/rayt.com\/fr\/wp-json\/wp\/v2\/product"}],"about":[{"href":"https:\/\/rayt.com\/fr\/wp-json\/wp\/v2\/types\/product"}],"replies":[{"embeddable":true,"href":"https:\/\/rayt.com\/fr\/wp-json\/wp\/v2\/comments?post=3639"}],"wp:featuredmedia":[{"embeddable":true,"href":"https:\/\/rayt.com\/fr\/wp-json\/wp\/v2\/media\/3527"}],"wp:attachment":[{"href":"https:\/\/rayt.com\/fr\/wp-json\/wp\/v2\/media?parent=3639"}],"wp:term":[{"taxonomy":"product_cat","embeddable":true,"href":"https:\/\/rayt.com\/fr\/wp-json\/wp\/v2\/product_cat?post=3639"},{"taxonomy":"product_tag","embeddable":true,"href":"https:\/\/rayt.com\/fr\/wp-json\/wp\/v2\/product_tag?post=3639"}],"curies":[{"name":"wp","href":"https:\/\/api.w.org\/{rel}","templated":true}]}}