{"id":3642,"date":"2020-11-02T09:47:33","date_gmt":"2020-12-18T12:38:45","guid":{"rendered":"http:\/\/rayt.com\/?post_type=product&#038;p=3642"},"modified":"2021-02-15T10:14:07","modified_gmt":"2021-02-15T10:14:07","slug":"formopol-220-b","status":"publish","type":"product","link":"https:\/\/rayt.com\/fr\/producto\/formopol-220-b\/","title":{"rendered":"FORMOPOL 220 B"},"content":{"rendered":"<p>COLLE UR\u00c9E-FORMALD\u00c9HYDE EN POUDRE POUR LE BOIS. FEUILLES MINCES.<br \/>\nColle en poudre de haute qualit\u00e9 pr\u00eat \u00e0 l&#8217;emploi, en particulier pour placage avec feuilles minces ou sujettes \u00e0 transf\u00e9rer et pour dissimuler agglom\u00e9rats sombres.<\/p>\n<h4>CARACTERISTIQUES<\/h4>\n<p>Est dissous dans de l&rsquo;eau, 100 parties de produit + 60-80 parties de l&rsquo;eau.<br \/>\nNe transparente pas irr\u00e9gularit\u00e9s de la base.<br \/>\nDoit \u00eatre utilis\u00e9 dans une presse \u00e0 chaud.<br \/>\nPoudre ur\u00e9e-formald\u00e9hyde pr\u00e9par\u00e9.<\/p>\n","protected":false},"excerpt":{"rendered":"<p>COLLE UR\u00c9E-FORMALD\u00c9HYDE EN POUDRE POUR LE BOIS. FEUILLES MINCES. Colle<\/p>\n","protected":false},"featured_media":3527,"comment_status":"open","ping_status":"closed","template":"","meta":{"_acf_changed":false},"product_cat":[1479,602,885,937,882],"product_tag":[],"acf":[],"_links":{"self":[{"href":"https:\/\/rayt.com\/fr\/wp-json\/wp\/v2\/product\/3642"}],"collection":[{"href":"https:\/\/rayt.com\/fr\/wp-json\/wp\/v2\/product"}],"about":[{"href":"https:\/\/rayt.com\/fr\/wp-json\/wp\/v2\/types\/product"}],"replies":[{"embeddable":true,"href":"https:\/\/rayt.com\/fr\/wp-json\/wp\/v2\/comments?post=3642"}],"wp:featuredmedia":[{"embeddable":true,"href":"https:\/\/rayt.com\/fr\/wp-json\/wp\/v2\/media\/3527"}],"wp:attachment":[{"href":"https:\/\/rayt.com\/fr\/wp-json\/wp\/v2\/media?parent=3642"}],"wp:term":[{"taxonomy":"product_cat","embeddable":true,"href":"https:\/\/rayt.com\/fr\/wp-json\/wp\/v2\/product_cat?post=3642"},{"taxonomy":"product_tag","embeddable":true,"href":"https:\/\/rayt.com\/fr\/wp-json\/wp\/v2\/product_tag?post=3642"}],"curies":[{"name":"wp","href":"https:\/\/api.w.org\/{rel}","templated":true}]}}