{"id":3651,"date":"2020-10-29T09:00:46","date_gmt":"2020-12-18T13:07:40","guid":{"rendered":"http:\/\/rayt.com\/?post_type=product&#038;p=3651"},"modified":"2021-02-17T10:37:51","modified_gmt":"2021-02-17T10:37:51","slug":"ma-1130-n","status":"publish","type":"product","link":"https:\/\/rayt.com\/fr\/producto\/ma-1130-n\/","title":{"rendered":"MA-1130-N"},"content":{"rendered":"<p>COLLE AQUEUSE POUR LAMINATION AVEC FEUILLES PLASTIQUES.<br \/>\nColle en dispersion, en particulier pour l&rsquo;encollage de feuilles de PVC et d&rsquo;autres mati\u00e8res plastiques.<\/p>\n<h4>CARACTERISTIQUES<\/h4>\n<p>Excellente adh\u00e9rence au PVC, \u00e9galement appropri\u00e9 pour les m\u00e9taux (d\u00e9graiss\u00e9s).<br \/>\nPermet de travailler \u00e0 vitesse moyenne-\u00e9lev\u00e9e.<br \/>\nTemps de s\u00e9chage \u00e0 grande vitesse.<br \/>\nApplication \u00e0 rouleau ou manuel.<\/p>\n","protected":false},"excerpt":{"rendered":"<p>COLLE AQUEUSE POUR LAMINATION AVEC FEUILLES PLASTIQUES. Colle en dispersion,<\/p>\n","protected":false},"featured_media":2988,"comment_status":"open","ping_status":"closed","template":"","meta":{"_acf_changed":false},"product_cat":[1404,1501,1533,843,849,871,602,885,937,864],"product_tag":[],"acf":[],"_links":{"self":[{"href":"https:\/\/rayt.com\/fr\/wp-json\/wp\/v2\/product\/3651"}],"collection":[{"href":"https:\/\/rayt.com\/fr\/wp-json\/wp\/v2\/product"}],"about":[{"href":"https:\/\/rayt.com\/fr\/wp-json\/wp\/v2\/types\/product"}],"replies":[{"embeddable":true,"href":"https:\/\/rayt.com\/fr\/wp-json\/wp\/v2\/comments?post=3651"}],"wp:featuredmedia":[{"embeddable":true,"href":"https:\/\/rayt.com\/fr\/wp-json\/wp\/v2\/media\/2988"}],"wp:attachment":[{"href":"https:\/\/rayt.com\/fr\/wp-json\/wp\/v2\/media?parent=3651"}],"wp:term":[{"taxonomy":"product_cat","embeddable":true,"href":"https:\/\/rayt.com\/fr\/wp-json\/wp\/v2\/product_cat?post=3651"},{"taxonomy":"product_tag","embeddable":true,"href":"https:\/\/rayt.com\/fr\/wp-json\/wp\/v2\/product_tag?post=3651"}],"curies":[{"name":"wp","href":"https:\/\/api.w.org\/{rel}","templated":true}]}}