{"id":3660,"date":"2020-10-30T10:31:28","date_gmt":"2020-12-18T13:34:20","guid":{"rendered":"http:\/\/rayt.com\/?post_type=product&#038;p=3660"},"modified":"2021-02-17T08:03:13","modified_gmt":"2021-02-17T08:03:13","slug":"ma-1530-pm","status":"publish","type":"product","link":"https:\/\/rayt.com\/fr\/producto\/ma-1530-pm\/","title":{"rendered":"MA-1530-PM"},"content":{"rendered":"<p>COLLE POLYURETHANE EN DISPERSION POUR LA PRESSE \u00c0 MEMBRANE. BLANC.<br \/>\nAdh\u00e9sif pour la lamination \u00e0 plat ou tridimensionnelle de feuilles plastiques avec presse \u00e0 membrane ou vide. Blanc.<\/p>\n<h4>CARACTERISTIQUES<\/h4>\n<p>Dispersion de polyur\u00e9thane, l&rsquo;addition de catalyseur est recommand\u00e9e.<br \/>\nBonne r\u00e9sistance finale \u00e0 la chaleur (avec catalyseur).<br \/>\nR\u00e9activation facile en machine et s\u00e9chage rapide.<br \/>\nApplication au pistolet spray.<\/p>\n","protected":false},"excerpt":{"rendered":"<p>COLLE POLYURETHANE EN DISPERSION POUR LA PRESSE \u00c0 MEMBRANE. BLANC.<\/p>\n","protected":false},"featured_media":3593,"comment_status":"open","ping_status":"closed","template":"","meta":{"_acf_changed":false},"product_cat":[1630,891,602,888,937],"product_tag":[],"acf":[],"_links":{"self":[{"href":"https:\/\/rayt.com\/fr\/wp-json\/wp\/v2\/product\/3660"}],"collection":[{"href":"https:\/\/rayt.com\/fr\/wp-json\/wp\/v2\/product"}],"about":[{"href":"https:\/\/rayt.com\/fr\/wp-json\/wp\/v2\/types\/product"}],"replies":[{"embeddable":true,"href":"https:\/\/rayt.com\/fr\/wp-json\/wp\/v2\/comments?post=3660"}],"wp:featuredmedia":[{"embeddable":true,"href":"https:\/\/rayt.com\/fr\/wp-json\/wp\/v2\/media\/3593"}],"wp:attachment":[{"href":"https:\/\/rayt.com\/fr\/wp-json\/wp\/v2\/media?parent=3660"}],"wp:term":[{"taxonomy":"product_cat","embeddable":true,"href":"https:\/\/rayt.com\/fr\/wp-json\/wp\/v2\/product_cat?post=3660"},{"taxonomy":"product_tag","embeddable":true,"href":"https:\/\/rayt.com\/fr\/wp-json\/wp\/v2\/product_tag?post=3660"}],"curies":[{"name":"wp","href":"https:\/\/api.w.org\/{rel}","templated":true}]}}