{"id":3671,"date":"2020-10-30T10:32:17","date_gmt":"2020-12-21T07:34:59","guid":{"rendered":"http:\/\/rayt.com\/?post_type=product&#038;p=3671"},"modified":"2021-02-17T08:05:12","modified_gmt":"2021-02-17T08:05:12","slug":"ma-1540-pm","status":"publish","type":"product","link":"https:\/\/rayt.com\/fr\/producto\/ma-1540-pm\/","title":{"rendered":"MA-1540-PM"},"content":{"rendered":"<p>COLLE POLYURETHANE EN DISPERSION POUR LA PRESSE \u00c0 MEMBRANE. HAUTE QUALIT\u00c9.<br \/>\nAdh\u00e9sif pour la lamination \u00e0 plat ou tridimensionnelle de feuilles plastiques avec presse \u00e0 membrane ou vide.<\/p>\n<h4>CARACTERISTIQUES<\/h4>\n<p>Dispersion de polyur\u00e9thane, l&rsquo;addition de catalyseur est recommand\u00e9e.<br \/>\nApplication au pistolet spray. Ne laisse pas de peau d&rsquo;orange.<br \/>\nR\u00e9sistance finale \u00e9lev\u00e9 \u00e0 la chaleur (avec catalyseur).<br \/>\nR\u00e9activation facile en machine et s\u00e9chage rapide.<\/p>\n","protected":false},"excerpt":{"rendered":"<p>COLLE POLYURETHANE EN DISPERSION POUR LA PRESSE \u00c0 MEMBRANE. HAUTE<\/p>\n","protected":false},"featured_media":2988,"comment_status":"open","ping_status":"closed","template":"","meta":{"_acf_changed":false},"product_cat":[1630,891,602,888,937],"product_tag":[],"acf":[],"_links":{"self":[{"href":"https:\/\/rayt.com\/fr\/wp-json\/wp\/v2\/product\/3671"}],"collection":[{"href":"https:\/\/rayt.com\/fr\/wp-json\/wp\/v2\/product"}],"about":[{"href":"https:\/\/rayt.com\/fr\/wp-json\/wp\/v2\/types\/product"}],"replies":[{"embeddable":true,"href":"https:\/\/rayt.com\/fr\/wp-json\/wp\/v2\/comments?post=3671"}],"wp:featuredmedia":[{"embeddable":true,"href":"https:\/\/rayt.com\/fr\/wp-json\/wp\/v2\/media\/2988"}],"wp:attachment":[{"href":"https:\/\/rayt.com\/fr\/wp-json\/wp\/v2\/media?parent=3671"}],"wp:term":[{"taxonomy":"product_cat","embeddable":true,"href":"https:\/\/rayt.com\/fr\/wp-json\/wp\/v2\/product_cat?post=3671"},{"taxonomy":"product_tag","embeddable":true,"href":"https:\/\/rayt.com\/fr\/wp-json\/wp\/v2\/product_tag?post=3671"}],"curies":[{"name":"wp","href":"https:\/\/api.w.org\/{rel}","templated":true}]}}