{"id":3676,"date":"2020-10-30T10:49:20","date_gmt":"2020-12-21T07:42:53","guid":{"rendered":"http:\/\/rayt.com\/?post_type=product&#038;p=3676"},"modified":"2021-02-17T08:06:29","modified_gmt":"2021-02-17T08:06:29","slug":"v-7554","status":"publish","type":"product","link":"https:\/\/rayt.com\/fr\/producto\/v-7554\/","title":{"rendered":"V-7554"},"content":{"rendered":"<p>DURCISSEUR POUR COLLES ET ADH\u00c9SIFS D3.<br \/>\nDurcisseur pour les adh\u00e9sifs D3 et MA-1540-PM. Utiliser avec nos adh\u00e9sifs D3 pour obtenir des encollages r\u00e9sistants \u00e0 l&rsquo;eau class\u00e9s comme D4 selon EN204\/205.<\/p>\n<h4>CARACTERISTIQUES<\/h4>\n<p>Am\u00e9liore la r\u00e9sistance \u00e0 la chaleur et \u00e0 l&rsquo;eau des dispersions aqueuses.<br \/>\nR\u00e9ticulante tr\u00e8s efficace pour des dispersions de polyur\u00e9thane.<br \/>\nFacilement dispersable dans des dispersions aqueuses.<br \/>\nDurcisseur isocyanate.<\/p>\n","protected":false},"excerpt":{"rendered":"<p>DURCISSEUR POUR COLLES ET ADH\u00c9SIFS D3. Durcisseur pour les adh\u00e9sifs<\/p>\n","protected":false},"featured_media":3677,"comment_status":"open","ping_status":"closed","template":"","meta":{"_acf_changed":false},"product_cat":[1630,891,1730,602,948,888,937,957,939],"product_tag":[],"acf":[],"_links":{"self":[{"href":"https:\/\/rayt.com\/fr\/wp-json\/wp\/v2\/product\/3676"}],"collection":[{"href":"https:\/\/rayt.com\/fr\/wp-json\/wp\/v2\/product"}],"about":[{"href":"https:\/\/rayt.com\/fr\/wp-json\/wp\/v2\/types\/product"}],"replies":[{"embeddable":true,"href":"https:\/\/rayt.com\/fr\/wp-json\/wp\/v2\/comments?post=3676"}],"wp:featuredmedia":[{"embeddable":true,"href":"https:\/\/rayt.com\/fr\/wp-json\/wp\/v2\/media\/3677"}],"wp:attachment":[{"href":"https:\/\/rayt.com\/fr\/wp-json\/wp\/v2\/media?parent=3676"}],"wp:term":[{"taxonomy":"product_cat","embeddable":true,"href":"https:\/\/rayt.com\/fr\/wp-json\/wp\/v2\/product_cat?post=3676"},{"taxonomy":"product_tag","embeddable":true,"href":"https:\/\/rayt.com\/fr\/wp-json\/wp\/v2\/product_tag?post=3676"}],"curies":[{"name":"wp","href":"https:\/\/api.w.org\/{rel}","templated":true}]}}