{"id":3705,"date":"2020-10-26T08:32:52","date_gmt":"2020-12-21T08:23:22","guid":{"rendered":"http:\/\/rayt.com\/?post_type=product&#038;p=3705"},"modified":"2021-02-17T09:18:52","modified_gmt":"2021-02-17T09:18:52","slug":"ma-6520-cafe","status":"publish","type":"product","link":"https:\/\/rayt.com\/fr\/producto\/ma-6520-cafe\/","title":{"rendered":"MA-6520-Caf\u00e9"},"content":{"rendered":"<p>ADH\u00c9SIF THERMOFUSIBLE POUR L&rsquo;ENCOLLAGE DES CHANTS. CAF\u00c9.<br \/>\nAdh\u00e9sif couleur caf\u00e9 pour l&rsquo;encollage des chants de PVC, ABS, polyester, plaques en bois et m\u00e9lamine.<\/p>\n<h4>CARACTERISTIQUES<\/h4>\n<p>Chants en PVC, ABS, polyester, placage ou m\u00e9lamine.<br \/>\nTemp\u00e9rature d&rsquo;application: 190-210\u00baC.<br \/>\nVitesse de la machine: 12-60 m\/min.<br \/>\nViscosit\u00e9 moyenne-haute.<br \/>\nTemps ouvert moyen.<\/p>\n","protected":false},"excerpt":{"rendered":"<p>ADH\u00c9SIF THERMOFUSIBLE POUR L&rsquo;ENCOLLAGE DES CHANTS. CAF\u00c9. Adh\u00e9sif couleur caf\u00e9<\/p>\n","protected":false},"featured_media":3700,"comment_status":"open","ping_status":"closed","template":"","meta":{"_acf_changed":false},"product_cat":[1557,1588,602,937,915,912,924],"product_tag":[],"acf":[],"_links":{"self":[{"href":"https:\/\/rayt.com\/fr\/wp-json\/wp\/v2\/product\/3705"}],"collection":[{"href":"https:\/\/rayt.com\/fr\/wp-json\/wp\/v2\/product"}],"about":[{"href":"https:\/\/rayt.com\/fr\/wp-json\/wp\/v2\/types\/product"}],"replies":[{"embeddable":true,"href":"https:\/\/rayt.com\/fr\/wp-json\/wp\/v2\/comments?post=3705"}],"wp:featuredmedia":[{"embeddable":true,"href":"https:\/\/rayt.com\/fr\/wp-json\/wp\/v2\/media\/3700"}],"wp:attachment":[{"href":"https:\/\/rayt.com\/fr\/wp-json\/wp\/v2\/media?parent=3705"}],"wp:term":[{"taxonomy":"product_cat","embeddable":true,"href":"https:\/\/rayt.com\/fr\/wp-json\/wp\/v2\/product_cat?post=3705"},{"taxonomy":"product_tag","embeddable":true,"href":"https:\/\/rayt.com\/fr\/wp-json\/wp\/v2\/product_tag?post=3705"}],"curies":[{"name":"wp","href":"https:\/\/api.w.org\/{rel}","templated":true}]}}