{"id":3729,"date":"2020-10-30T08:42:54","date_gmt":"2020-12-21T09:00:17","guid":{"rendered":"http:\/\/rayt.com\/?post_type=product&#038;p=3729"},"modified":"2021-02-17T09:26:59","modified_gmt":"2021-02-17T09:26:59","slug":"ma-6575-cafe","status":"publish","type":"product","link":"https:\/\/rayt.com\/fr\/producto\/ma-6575-cafe\/","title":{"rendered":"MA-6575 Caf\u00e9"},"content":{"rendered":"<p>ADH\u00c9SIF THERMOFUSIBLE STANDARD POUR L&rsquo;ENCOLLAGE DES CHANTS. MACHINES RAPIDES. COULEUR CAF\u00c9.<br \/>\nAdh\u00e9sif standard de couleur caf\u00e9 pour l&rsquo;encollage des chants de PVC, polyester, plaques en bois et m\u00e9lamine.<\/p>\n<h4>CARACTERISTIQUES<\/h4>\n<p>Chants en PVC, ABS, polyester, placage ou m\u00e9lamine.<br \/>\nTemp\u00e9rature d&rsquo;application: 190-210\u00baC.<br \/>\nVitesse de la machine: 12-60 m\/min.<br \/>\nTemps ouvert moyen-curt.<br \/>\nViscosit\u00e9 \u00e9lev\u00e9e.<\/p>\n","protected":false},"excerpt":{"rendered":"<p>ADH\u00c9SIF THERMOFUSIBLE STANDARD POUR L&rsquo;ENCOLLAGE DES CHANTS. MACHINES RAPIDES. COULEUR<\/p>\n","protected":false},"featured_media":3730,"comment_status":"open","ping_status":"closed","template":"","meta":{"_acf_changed":false},"product_cat":[1557,1588,602,937,915,912,924],"product_tag":[],"acf":[],"_links":{"self":[{"href":"https:\/\/rayt.com\/fr\/wp-json\/wp\/v2\/product\/3729"}],"collection":[{"href":"https:\/\/rayt.com\/fr\/wp-json\/wp\/v2\/product"}],"about":[{"href":"https:\/\/rayt.com\/fr\/wp-json\/wp\/v2\/types\/product"}],"replies":[{"embeddable":true,"href":"https:\/\/rayt.com\/fr\/wp-json\/wp\/v2\/comments?post=3729"}],"wp:featuredmedia":[{"embeddable":true,"href":"https:\/\/rayt.com\/fr\/wp-json\/wp\/v2\/media\/3730"}],"wp:attachment":[{"href":"https:\/\/rayt.com\/fr\/wp-json\/wp\/v2\/media?parent=3729"}],"wp:term":[{"taxonomy":"product_cat","embeddable":true,"href":"https:\/\/rayt.com\/fr\/wp-json\/wp\/v2\/product_cat?post=3729"},{"taxonomy":"product_tag","embeddable":true,"href":"https:\/\/rayt.com\/fr\/wp-json\/wp\/v2\/product_tag?post=3729"}],"curies":[{"name":"wp","href":"https:\/\/api.w.org\/{rel}","templated":true}]}}